{"id":1362,"date":"2023-05-21T10:35:38","date_gmt":"2023-05-21T10:35:38","guid":{"rendered":"https:\/\/cozystay.loftocean.com\/countryside-lodge\/?page_id=1362"},"modified":"2026-03-23T14:48:41","modified_gmt":"2026-03-23T14:48:41","slug":"activity-detail","status":"publish","type":"page","link":"https:\/\/conaculsecuiesc.ro\/en\/activity-detail\/","title":{"rendered":"Activity Detail"},"content":{"rendered":"<div data-elementor-type=\"wp-page\" data-elementor-id=\"1362\" class=\"elementor elementor-1362\" data-elementor-post-type=\"page\">\n\t\t\t\t\t\t<section class=\"elementor-section elementor-top-section elementor-element elementor-element-fcb61a4 elementor-section-height-min-height cs-section-content-fullwidth cs-parallax-on-scroll cs_scroll_y_80 elementor-section-boxed elementor-section-height-default elementor-section-items-middle\" data-id=\"fcb61a4\" data-element_type=\"section\" data-e-type=\"section\" data-settings=\"{&quot;background_background&quot;:&quot;classic&quot;}\" data-cs-parallax-y=\"80\" style=\"background-image: none;\" data-cs-background-image=\"https:\/\/conaculsecuiesc.ro\/wp-content\/uploads\/2024\/10\/Nunta-Conacul-Secuiesc-8-2.jpg\" data-cs-background-image-alt-text=\"Nunta la Conacul Secuiesc\">\n\t\t\t\t\t\t\t<div class=\"elementor-background-overlay\"><\/div>\n\t\t\t\t\t\t\t<div class=\"elementor-container elementor-column-gap-no\">\n\t\t\t\t\t<div class=\"elementor-column elementor-col-100 elementor-top-column elementor-element elementor-element-52bbb3b dark-color\" data-id=\"52bbb3b\" data-element_type=\"column\" data-e-type=\"column\">\n\t\t\t<div class=\"elementor-widget-wrap\">\n\t\t\t\t\t\t\t<\/div>\n\t\t<\/div>\n\t\t\t\t\t<\/div>\n\t\t<\/section>\n\t\t\t\t<section class=\"elementor-section elementor-top-section elementor-element elementor-element-506c54dd cs-section-content-fullwidth elementor-section-boxed elementor-section-height-default elementor-section-height-default\" data-id=\"506c54dd\" data-element_type=\"section\" data-e-type=\"section\">\n\t\t\t\t\t\t<div class=\"elementor-container elementor-column-gap-no\">\n\t\t\t\t\t<div class=\"elementor-column elementor-col-100 elementor-top-column elementor-element elementor-element-52676167\" data-id=\"52676167\" data-element_type=\"column\" data-e-type=\"column\">\n\t\t\t<div class=\"elementor-widget-wrap elementor-element-populated\">\n\t\t\t\t\t\t<div class=\"elementor-element elementor-element-5157fbfc elementor-widget elementor-widget-cs_title\" data-id=\"5157fbfc\" data-element_type=\"widget\" data-e-type=\"widget\" data-widget_type=\"cs_title.default\">\n\t\t\t\t<div class=\"elementor-widget-container\">\n\t\t\t\t\t\n        <div class=\"cs-title-wrap text-center\">\t            <div class=\"cs-subtitle-wrap\"><span class=\"cs-subtitle\">Fairytale wedding at the Szekler Manor<\/span><\/div>\t            <h3 class=\"cs-title\">\n\t                Why is so special Szekler Manor?\n\n\t            <\/h3>\t            <div class=\"cs-title-text\">\n\t                <p>Dreaming of a wedding in a charming location where nature and tradition blend seamlessly? Conacul Secuiesc invites you to live your love story in an extraordinary setting, where every detail is crafted for an unforgettable day!<\/p><p data-start=\"327\" data-end=\"363\">\u00a0<\/p>\t            <\/div>        <\/div>\t\t\t\t<\/div>\n\t\t\t\t<\/div>\n\t\t\t\t<div class=\"elementor-element elementor-element-734894aa elementor-widget elementor-widget-cs_info_box\" data-id=\"734894aa\" data-element_type=\"widget\" data-e-type=\"widget\" data-widget_type=\"cs_info_box.default\">\n\t\t\t\t<div class=\"elementor-widget-container\">\n\t\t\t\t\t\n\t\t\t<div class=\"cs-info-box column-2 valign-top img-left\">\n                <div class=\"cs-info-box-wrap\">                    <div class=\"cs-info-box-item elementor-repeater-item-cccff81\">\n                    \t<div class=\"cs-item-container\">\t                        <div class=\"cs-info-box-img\"><svg aria-hidden=\"true\" class=\"e-font-icon-svg e-far-star\" viewbox=\"0 0 576 512\" xmlns=\"http:\/\/www.w3.org\/2000\/svg\"><path d=\"M528.1 171.5L382 150.2 316.7 17.8c-11.7-23.6-45.6-23.9-57.4 0L194 150.2 47.9 171.5c-26.2 3.8-36.7 36.1-17.7 54.6l105.7 103-25 145.5c-4.5 26.3 23.2 46 46.4 33.7L288 439.6l130.7 68.7c23.2 12.2 50.9-7.4 46.4-33.7l-25-145.5 105.7-103c19-18.5 8.5-50.8-17.7-54.6zM388.6 312.3l23.7 138.4L288 385.4l-124.3 65.3 23.7-138.4-100.6-98 139-20.2 62.2-126 62.2 126 139 20.2-100.6 98z\"><\/path><\/svg>\t                        <\/div>\t                        <div class=\"cs-info-box-content\">\n\t                            <h5 class=\"cs-title cs-info-box-title\">Authentic and elegant decor\t\t\t\t\t\t\t\t<\/h5>\t                            \t<div class=\"cs-info-box-text\"><p>The manor's warm atmosphere, beautiful courtyard and lily pond create a romantic and natural setting for your event.<\/p><\/div>\t                        <\/div>\t                    <\/div>\n                    <\/div>                    <div class=\"cs-info-box-item elementor-repeater-item-6c33aa7\">\n                    \t<div class=\"cs-item-container\">\t                        <div class=\"cs-info-box-img\"><i aria-hidden=\"true\" class=\"flaticon flaticon-wine\"><\/i>\t                        <\/div>\t                        <div class=\"cs-info-box-content\">\n\t                            <h5 class=\"cs-title cs-info-box-title\">Exquisite menu\t\t\t\t\t\t\t\t<\/h5>\t                            \t<div class=\"cs-info-box-text\"><p>Delicious, carefully prepared dishes inspired by traditional and international cuisine.<\/p><\/div>\t                        <\/div>\t                    <\/div>\n                    <\/div>                    <div class=\"cs-info-box-item elementor-repeater-item-0a01fb1\">\n                    \t<div class=\"cs-item-container\">\t                        <div class=\"cs-info-box-img\"><i aria-hidden=\"true\" class=\"flaticon flaticon-landscape-2\"><\/i>\t                        <\/div>\t                        <div class=\"cs-info-box-content\">\n\t                            <h5 class=\"cs-title cs-info-box-title\">Fairytale atmosphere\t\t\t\t\t\t\t\t<\/h5>\t                            \t<div class=\"cs-info-box-text\"><p>The tranquility of the mountains, the imposing backdrop of the Szekler Stone and our hospitality make every moment a precious memory.<\/p><\/div>\t                        <\/div>\t                    <\/div>\n                    <\/div>                    <div class=\"cs-info-box-item elementor-repeater-item-bb40a8b\">\n                    \t<div class=\"cs-item-container\">\t                        <div class=\"cs-info-box-img\"><i aria-hidden=\"true\" class=\"flaticon flaticon-group\"><\/i>\t                        <\/div>\t                        <div class=\"cs-info-box-content\">\n\t                            <h5 class=\"cs-title cs-info-box-title\">Dedicated team\t\t\t\t\t\t\t\t<\/h5>\t                            \t<div class=\"cs-info-box-text\"><p>We are with you to make your big day a unique experience, just the way you wanted it to be.<\/p><\/div>\t                        <\/div>\t                    <\/div>\n                    <\/div>\t\t\t\t<\/div>\n\t\t\t<\/div>\t\t\t\t<\/div>\n\t\t\t\t<\/div>\n\t\t\t\t\t<\/div>\n\t\t<\/div>\n\t\t\t\t\t<\/div>\n\t\t<\/section>\n\t\t\t\t<section class=\"elementor-section elementor-top-section elementor-element elementor-element-66af0a69 elementor-section-full_width elementor-section-height-default elementor-section-height-default\" data-id=\"66af0a69\" data-element_type=\"section\" data-e-type=\"section\">\n\t\t\t\t\t\t<div class=\"elementor-container elementor-column-gap-no\">\n\t\t\t\t\t<div class=\"elementor-column elementor-col-100 elementor-top-column elementor-element elementor-element-19860c0c\" data-id=\"19860c0c\" data-element_type=\"column\" data-e-type=\"column\">\n\t\t\t<div class=\"elementor-widget-wrap elementor-element-populated\">\n\t\t\t\t\t\t<div class=\"elementor-element elementor-element-5af1c6bf elementor-widget elementor-widget-cs_instagram\" data-id=\"5af1c6bf\" data-element_type=\"widget\" data-e-type=\"widget\" data-widget_type=\"cs_instagram.default\">\n\t\t\t\t<div class=\"elementor-widget-container\">\n\t\t\t\t\t\n        <div class=\"cs-instagram column-mosaic mosaic-2\">\t                <ul>\t                        <li><div class=\"feed-bg\" style=\"background-image:url(https:\/\/conaculsecuiesc.ro\/wp-content\/uploads\/2024\/10\/Nunta-Conacul-Secuiesc-25.jpg);\"><\/div><\/li>\t                        <li><div class=\"feed-bg\" style=\"background-image:url(https:\/\/conaculsecuiesc.ro\/wp-content\/uploads\/2024\/10\/Nunta-Conacul-Secuiesc-3-1.jpg);\"><\/div><\/li>\t                        <li><div class=\"feed-bg\" style=\"background-image:url(https:\/\/conaculsecuiesc.ro\/wp-content\/uploads\/2024\/10\/Nunta-Conacul-Secuiesc-4.jpg);\"><\/div><\/li>\t                        <li><div class=\"feed-bg\" style=\"background-image:url(https:\/\/conaculsecuiesc.ro\/wp-content\/uploads\/2024\/10\/Nunta-Conacul-Secuiesc-5.jpg);\"><\/div><\/li>\t                        <li><div class=\"feed-bg\" style=\"background-image:url(https:\/\/conaculsecuiesc.ro\/wp-content\/uploads\/2024\/10\/Nunta-Conacul-Secuiesc-6.jpg);\"><\/div><\/li>\t                        <li><div class=\"feed-bg\" style=\"background-image:url(https:\/\/conaculsecuiesc.ro\/wp-content\/uploads\/2024\/10\/Nunta-Conacul-Secuiesc-8-1-1.jpg);\"><\/div><\/li>\t                        <li><div class=\"feed-bg\" style=\"background-image:url(https:\/\/conaculsecuiesc.ro\/wp-content\/uploads\/2024\/10\/Nunta-Conacul-Secuiesc-3.jpg);\"><\/div><\/li>\t                <\/ul>        <\/div>\t\t\t\t<\/div>\n\t\t\t\t<\/div>\n\t\t\t\t<div class=\"elementor-element elementor-element-9b2c17f elementor-align-center elementor-widget elementor-widget-cs_button\" data-id=\"9b2c17f\" data-element_type=\"widget\" data-e-type=\"widget\" data-widget_type=\"cs_button.default\">\n\t\t\t\t<div class=\"elementor-widget-container\">\n\t\t\t\t\t        <a href=\"https:\/\/conaculsecuiesc.ro\/en\/calcule-estimative-meniu-eveniment\/\" class=\"elementor-button-link button cs-btn-color-secondary\" role=\"button\">\n            <span class=\"cs-btn-text\">Event menu estimates<\/span>        <\/a>\t\t\t\t<\/div>\n\t\t\t\t<\/div>\n\t\t\t\t<div class=\"elementor-element elementor-element-67aac7e elementor-widget elementor-widget-spacer\" data-id=\"67aac7e\" data-element_type=\"widget\" data-e-type=\"widget\" data-widget_type=\"spacer.default\">\n\t\t\t\t<div class=\"elementor-widget-container\">\n\t\t\t\t\t\t\t<div class=\"elementor-spacer\">\n\t\t\t<div class=\"elementor-spacer-inner\"><\/div>\n\t\t<\/div>\n\t\t\t\t\t\t<\/div>\n\t\t\t\t<\/div>\n\t\t\t\t\t<\/div>\n\t\t<\/div>\n\t\t\t\t\t<\/div>\n\t\t<\/section>\n\t\t\t\t<\/div>","protected":false},"excerpt":{"rendered":"<p>Nunt\u0103 de poveste la Conacul Secuiesc\u200b De ce s\u0103 alegi Conacul Secuiesc? Visezi la o nunt\u0103 \u00eentr-un loc plin de farmec, unde natura \u0219i tradi\u021bia se \u00eempletesc perfect? Conacul Secuiesc te invit\u0103 s\u0103 \u00ee\u021bi tr\u0103ie\u0219ti povestea de dragoste \u00eentr-un cadru deosebit, unde fiecare detaliu este g\u00e2ndit pentru o zi de neuitat! \u00a0 Decor autentic \u0219i &#8230;<\/p>","protected":false},"author":4,"featured_media":0,"parent":0,"menu_order":0,"comment_status":"closed","ping_status":"closed","template":"template-wide-content.php","meta":{"cozystay_single_page_hide_site_header":"","cozystay_single_page_site_header_source":"","cozystay_single_page_custom_site_header":"0","cozystay_single_page_custom_sticky_site_header":"0","cozystay_single_page_hide_page_title":"on","cozystay_single_page_header_section_size":"","cozystay_single_page_header_background_color":"","cozystay_single_page_header_background_position_x":"center","cozystay_single_page_header_background_position_y":"center","cozystay_single_page_header_background_size":"cover","cozystay_single_page_header_background_repeat":"off","cozystay_single_page_header_background_scroll":"on","cozystay_single_page_header_text_color":"","cozystay_single_page_header_show_breadcrumb":"","cozystay_single_page_site_footer_hide_main":"","cozystay_single_custom_site_footer_main_source":"","cozystay_single_custom_site_footer_main":"0","cozystay_single_page_site_footer_hide_above":"","cozystay_single_custom_site_footer_above_source":"","cozystay_single_custom_site_footer_above":"0","cozystay_single_page_site_footer_hide_instagram":"","cozystay_single_page_site_footer_hide_bottom":"","cozystay_single_custom_mobile_menu_source":"","cozystay_single_custom_mobile_menu":"0","cozystay_single_custom_mobile_menu_animation":"","cozystay_single_custom_mobile_menu_width":"","cozystay_single_custom_mobile_menu_custom_width":375,"footnotes":""},"class_list":["post-1362","page","type-page","status-publish","hentry"],"yoast_head":"<!-- This site is optimized with the Yoast SEO plugin v27.4 - https:\/\/yoast.com\/product\/yoast-seo-wordpress\/ -->\n<title>Activity Detail - Conacul Secuiesc - Sz\u00e9kelyk\u0151\u00a0K\u00faria<\/title>\n<meta name=\"robots\" content=\"index, follow, max-snippet:-1, max-image-preview:large, max-video-preview:-1\" \/>\n<link rel=\"canonical\" href=\"https:\/\/conaculsecuiesc.ro\/en\/activity-detail\/\" \/>\n<meta property=\"og:locale\" content=\"en_US\" \/>\n<meta property=\"og:type\" content=\"article\" \/>\n<meta property=\"og:title\" content=\"Activity Detail - Conacul Secuiesc - Sz\u00e9kelyk\u0151\u00a0K\u00faria\" \/>\n<meta property=\"og:description\" content=\"Nunt\u0103 de poveste la Conacul Secuiesc\u200b De ce s\u0103 alegi Conacul Secuiesc? Visezi la o nunt\u0103 \u00eentr-un loc plin de farmec, unde natura \u0219i tradi\u021bia se \u00eempletesc perfect? Conacul Secuiesc te invit\u0103 s\u0103 \u00ee\u021bi tr\u0103ie\u0219ti povestea de dragoste \u00eentr-un cadru deosebit, unde fiecare detaliu este g\u00e2ndit pentru o zi de neuitat! \u00a0 Decor autentic \u0219i ...\" \/>\n<meta property=\"og:url\" content=\"https:\/\/conaculsecuiesc.ro\/en\/activity-detail\/\" \/>\n<meta property=\"og:site_name\" content=\"Conacul Secuiesc - Sz\u00e9kelyk\u0151\u00a0K\u00faria\" \/>\n<meta property=\"article:publisher\" content=\"https:\/\/www.facebook.com\/conaculsecuiesc\" \/>\n<meta property=\"article:modified_time\" content=\"2026-03-23T14:48:41+00:00\" \/>\n<meta name=\"twitter:card\" content=\"summary_large_image\" \/>\n<meta name=\"twitter:label1\" content=\"Est. reading time\" \/>\n\t<meta name=\"twitter:data1\" content=\"1 minute\" \/>\n<script type=\"application\/ld+json\" class=\"yoast-schema-graph\">{\"@context\":\"https:\\\/\\\/schema.org\",\"@graph\":[{\"@type\":\"NewsArticle\",\"@id\":\"https:\\\/\\\/conaculsecuiesc.ro\\\/activity-detail\\\/#article\",\"isPartOf\":{\"@id\":\"https:\\\/\\\/conaculsecuiesc.ro\\\/activity-detail\\\/\"},\"author\":{\"name\":\"Conac\",\"@id\":\"https:\\\/\\\/conaculsecuiesc.ro\\\/#\\\/schema\\\/person\\\/095f60a59372978f1d4bc98cb18c58ed\"},\"headline\":\"Activity Detail\",\"datePublished\":\"2023-05-21T10:35:38+00:00\",\"dateModified\":\"2026-03-23T14:48:41+00:00\",\"mainEntityOfPage\":{\"@id\":\"https:\\\/\\\/conaculsecuiesc.ro\\\/activity-detail\\\/\"},\"wordCount\":147,\"publisher\":{\"@id\":\"https:\\\/\\\/conaculsecuiesc.ro\\\/#organization\"},\"inLanguage\":\"en-US\"},{\"@type\":\"WebPage\",\"@id\":\"https:\\\/\\\/conaculsecuiesc.ro\\\/activity-detail\\\/\",\"url\":\"https:\\\/\\\/conaculsecuiesc.ro\\\/activity-detail\\\/\",\"name\":\"Activity Detail - Conacul Secuiesc - Sz\u00e9kelyk\u0151\u00a0K\u00faria\",\"isPartOf\":{\"@id\":\"https:\\\/\\\/conaculsecuiesc.ro\\\/#website\"},\"datePublished\":\"2023-05-21T10:35:38+00:00\",\"dateModified\":\"2026-03-23T14:48:41+00:00\",\"breadcrumb\":{\"@id\":\"https:\\\/\\\/conaculsecuiesc.ro\\\/activity-detail\\\/#breadcrumb\"},\"inLanguage\":\"en-US\",\"potentialAction\":[{\"@type\":\"ReadAction\",\"target\":[\"https:\\\/\\\/conaculsecuiesc.ro\\\/activity-detail\\\/\"]}]},{\"@type\":\"BreadcrumbList\",\"@id\":\"https:\\\/\\\/conaculsecuiesc.ro\\\/activity-detail\\\/#breadcrumb\",\"itemListElement\":[{\"@type\":\"ListItem\",\"position\":1,\"name\":\"Home\",\"item\":\"https:\\\/\\\/conaculsecuiesc.ro\\\/\"},{\"@type\":\"ListItem\",\"position\":2,\"name\":\"Activity Detail\"}]},{\"@type\":\"WebSite\",\"@id\":\"https:\\\/\\\/conaculsecuiesc.ro\\\/#website\",\"url\":\"https:\\\/\\\/conaculsecuiesc.ro\\\/\",\"name\":\"Conacul Secuiesc - Sz\u00e9kelyk\u0151\u00a0K\u00faria\",\"description\":\"Conacul Secuiesc - Sz\u00e9kelyk\u0151\u00a0K\u00faria Alba Iulia\",\"publisher\":{\"@id\":\"https:\\\/\\\/conaculsecuiesc.ro\\\/#organization\"},\"potentialAction\":[{\"@type\":\"SearchAction\",\"target\":{\"@type\":\"EntryPoint\",\"urlTemplate\":\"https:\\\/\\\/conaculsecuiesc.ro\\\/?s={search_term_string}\"},\"query-input\":{\"@type\":\"PropertyValueSpecification\",\"valueRequired\":true,\"valueName\":\"search_term_string\"}}],\"inLanguage\":\"en-US\"},{\"@type\":\"Organization\",\"@id\":\"https:\\\/\\\/conaculsecuiesc.ro\\\/#organization\",\"name\":\"Conacul Secuiesc - Sz\u00e9kelyk\u0151\u00a0K\u00faria\",\"url\":\"https:\\\/\\\/conaculsecuiesc.ro\\\/\",\"logo\":{\"@type\":\"ImageObject\",\"inLanguage\":\"en-US\",\"@id\":\"https:\\\/\\\/conaculsecuiesc.ro\\\/#\\\/schema\\\/logo\\\/image\\\/\",\"url\":\"https:\\\/\\\/conaculsecuiesc.ro\\\/wp-content\\\/uploads\\\/2024\\\/10\\\/logo-conacul-secuiesc_3aq.webp\",\"contentUrl\":\"https:\\\/\\\/conaculsecuiesc.ro\\\/wp-content\\\/uploads\\\/2024\\\/10\\\/logo-conacul-secuiesc_3aq.webp\",\"width\":200,\"height\":217,\"caption\":\"Conacul Secuiesc - Sz\u00e9kelyk\u0151\u00a0K\u00faria\"},\"image\":{\"@id\":\"https:\\\/\\\/conaculsecuiesc.ro\\\/#\\\/schema\\\/logo\\\/image\\\/\"},\"sameAs\":[\"https:\\\/\\\/www.facebook.com\\\/conaculsecuiesc\",\"https:\\\/\\\/www.instagram.com\\\/conaculsecuiesc\\\/\"]},{\"@type\":\"Person\",\"@id\":\"https:\\\/\\\/conaculsecuiesc.ro\\\/#\\\/schema\\\/person\\\/095f60a59372978f1d4bc98cb18c58ed\",\"name\":\"Conac\",\"image\":{\"@type\":\"ImageObject\",\"inLanguage\":\"en-US\",\"@id\":\"https:\\\/\\\/secure.gravatar.com\\\/avatar\\\/e7e8749bfae50b98e855fa8735534c4ae8fc4c1ada26e3c5996c0d039d7dc3df?s=96&d=mm&r=g\",\"url\":\"https:\\\/\\\/secure.gravatar.com\\\/avatar\\\/e7e8749bfae50b98e855fa8735534c4ae8fc4c1ada26e3c5996c0d039d7dc3df?s=96&d=mm&r=g\",\"contentUrl\":\"https:\\\/\\\/secure.gravatar.com\\\/avatar\\\/e7e8749bfae50b98e855fa8735534c4ae8fc4c1ada26e3c5996c0d039d7dc3df?s=96&d=mm&r=g\",\"caption\":\"Conac\"},\"url\":\"https:\\\/\\\/conaculsecuiesc.ro\\\/en\\\/author\\\/conac\\\/\"}]}<\/script>\n<!-- \/ Yoast SEO plugin. -->","yoast_head_json":{"title":"Activity Detail - Conacul Secuiesc - Sz\u00e9kelyk\u0151\u00a0K\u00faria","robots":{"index":"index","follow":"follow","max-snippet":"max-snippet:-1","max-image-preview":"max-image-preview:large","max-video-preview":"max-video-preview:-1"},"canonical":"https:\/\/conaculsecuiesc.ro\/en\/activity-detail\/","og_locale":"en_US","og_type":"article","og_title":"Activity Detail - Conacul Secuiesc - Sz\u00e9kelyk\u0151\u00a0K\u00faria","og_description":"Nunt\u0103 de poveste la Conacul Secuiesc\u200b De ce s\u0103 alegi Conacul Secuiesc? Visezi la o nunt\u0103 \u00eentr-un loc plin de farmec, unde natura \u0219i tradi\u021bia se \u00eempletesc perfect? Conacul Secuiesc te invit\u0103 s\u0103 \u00ee\u021bi tr\u0103ie\u0219ti povestea de dragoste \u00eentr-un cadru deosebit, unde fiecare detaliu este g\u00e2ndit pentru o zi de neuitat! \u00a0 Decor autentic \u0219i ...","og_url":"https:\/\/conaculsecuiesc.ro\/en\/activity-detail\/","og_site_name":"Conacul Secuiesc - Sz\u00e9kelyk\u0151\u00a0K\u00faria","article_publisher":"https:\/\/www.facebook.com\/conaculsecuiesc","article_modified_time":"2026-03-23T14:48:41+00:00","twitter_card":"summary_large_image","twitter_misc":{"Est. reading time":"1 minute"},"schema":{"@context":"https:\/\/schema.org","@graph":[{"@type":"NewsArticle","@id":"https:\/\/conaculsecuiesc.ro\/activity-detail\/#article","isPartOf":{"@id":"https:\/\/conaculsecuiesc.ro\/activity-detail\/"},"author":{"name":"Conac","@id":"https:\/\/conaculsecuiesc.ro\/#\/schema\/person\/095f60a59372978f1d4bc98cb18c58ed"},"headline":"Activity Detail","datePublished":"2023-05-21T10:35:38+00:00","dateModified":"2026-03-23T14:48:41+00:00","mainEntityOfPage":{"@id":"https:\/\/conaculsecuiesc.ro\/activity-detail\/"},"wordCount":147,"publisher":{"@id":"https:\/\/conaculsecuiesc.ro\/#organization"},"inLanguage":"en-US"},{"@type":"WebPage","@id":"https:\/\/conaculsecuiesc.ro\/activity-detail\/","url":"https:\/\/conaculsecuiesc.ro\/activity-detail\/","name":"Activity Detail - Conacul Secuiesc - Sz\u00e9kelyk\u0151\u00a0K\u00faria","isPartOf":{"@id":"https:\/\/conaculsecuiesc.ro\/#website"},"datePublished":"2023-05-21T10:35:38+00:00","dateModified":"2026-03-23T14:48:41+00:00","breadcrumb":{"@id":"https:\/\/conaculsecuiesc.ro\/activity-detail\/#breadcrumb"},"inLanguage":"en-US","potentialAction":[{"@type":"ReadAction","target":["https:\/\/conaculsecuiesc.ro\/activity-detail\/"]}]},{"@type":"BreadcrumbList","@id":"https:\/\/conaculsecuiesc.ro\/activity-detail\/#breadcrumb","itemListElement":[{"@type":"ListItem","position":1,"name":"Home","item":"https:\/\/conaculsecuiesc.ro\/"},{"@type":"ListItem","position":2,"name":"Activity Detail"}]},{"@type":"WebSite","@id":"https:\/\/conaculsecuiesc.ro\/#website","url":"https:\/\/conaculsecuiesc.ro\/","name":"Szekler Manor - Sz\u00e9kelyk\u0151 K\u00faria","description":"Szekler Manor - Sz\u00e9kelyk\u0151 K\u00faria Alba Iulia","publisher":{"@id":"https:\/\/conaculsecuiesc.ro\/#organization"},"potentialAction":[{"@type":"SearchAction","target":{"@type":"EntryPoint","urlTemplate":"https:\/\/conaculsecuiesc.ro\/?s={search_term_string}"},"query-input":{"@type":"PropertyValueSpecification","valueRequired":true,"valueName":"search_term_string"}}],"inLanguage":"en-US"},{"@type":"Organization","@id":"https:\/\/conaculsecuiesc.ro\/#organization","name":"Szekler Manor - Sz\u00e9kelyk\u0151 K\u00faria","url":"https:\/\/conaculsecuiesc.ro\/","logo":{"@type":"ImageObject","inLanguage":"en-US","@id":"https:\/\/conaculsecuiesc.ro\/#\/schema\/logo\/image\/","url":"https:\/\/conaculsecuiesc.ro\/wp-content\/uploads\/2024\/10\/logo-conacul-secuiesc_3aq.webp","contentUrl":"https:\/\/conaculsecuiesc.ro\/wp-content\/uploads\/2024\/10\/logo-conacul-secuiesc_3aq.webp","width":200,"height":217,"caption":"Conacul Secuiesc - Sz\u00e9kelyk\u0151\u00a0K\u00faria"},"image":{"@id":"https:\/\/conaculsecuiesc.ro\/#\/schema\/logo\/image\/"},"sameAs":["https:\/\/www.facebook.com\/conaculsecuiesc","https:\/\/www.instagram.com\/conaculsecuiesc\/"]},{"@type":"Person","@id":"https:\/\/conaculsecuiesc.ro\/#\/schema\/person\/095f60a59372978f1d4bc98cb18c58ed","name":"Conac","image":{"@type":"ImageObject","inLanguage":"en-US","@id":"https:\/\/secure.gravatar.com\/avatar\/e7e8749bfae50b98e855fa8735534c4ae8fc4c1ada26e3c5996c0d039d7dc3df?s=96&d=mm&r=g","url":"https:\/\/secure.gravatar.com\/avatar\/e7e8749bfae50b98e855fa8735534c4ae8fc4c1ada26e3c5996c0d039d7dc3df?s=96&d=mm&r=g","contentUrl":"https:\/\/secure.gravatar.com\/avatar\/e7e8749bfae50b98e855fa8735534c4ae8fc4c1ada26e3c5996c0d039d7dc3df?s=96&d=mm&r=g","caption":"Conac"},"url":"https:\/\/conaculsecuiesc.ro\/en\/author\/conac\/"}]}},"_links":{"self":[{"href":"https:\/\/conaculsecuiesc.ro\/en\/wp-json\/wp\/v2\/pages\/1362","targetHints":{"allow":["GET"]}}],"collection":[{"href":"https:\/\/conaculsecuiesc.ro\/en\/wp-json\/wp\/v2\/pages"}],"about":[{"href":"https:\/\/conaculsecuiesc.ro\/en\/wp-json\/wp\/v2\/types\/page"}],"author":[{"embeddable":true,"href":"https:\/\/conaculsecuiesc.ro\/en\/wp-json\/wp\/v2\/users\/4"}],"replies":[{"embeddable":true,"href":"https:\/\/conaculsecuiesc.ro\/en\/wp-json\/wp\/v2\/comments?post=1362"}],"version-history":[{"count":39,"href":"https:\/\/conaculsecuiesc.ro\/en\/wp-json\/wp\/v2\/pages\/1362\/revisions"}],"predecessor-version":[{"id":10461,"href":"https:\/\/conaculsecuiesc.ro\/en\/wp-json\/wp\/v2\/pages\/1362\/revisions\/10461"}],"wp:attachment":[{"href":"https:\/\/conaculsecuiesc.ro\/en\/wp-json\/wp\/v2\/media?parent=1362"}],"curies":[{"name":"wp","href":"https:\/\/api.w.org\/{rel}","templated":true}]}}