{"id":9803,"date":"2026-02-16T11:21:10","date_gmt":"2026-02-16T11:21:10","guid":{"rendered":"https:\/\/conaculsecuiesc.ro\/?page_id=9803"},"modified":"2026-03-23T14:46:38","modified_gmt":"2026-03-23T14:46:38","slug":"ocazii-festive-la-conac","status":"publish","type":"page","link":"https:\/\/conaculsecuiesc.ro\/en\/ocazii-festive-la-conac\/","title":{"rendered":"Ocazii festive la Conac"},"content":{"rendered":"<div data-elementor-type=\"wp-page\" data-elementor-id=\"9803\" class=\"elementor elementor-9803\" data-elementor-post-type=\"page\">\n\t\t\t\t\t\t<section class=\"elementor-section elementor-top-section elementor-element elementor-element-fcb61a4 elementor-section-height-min-height cs-section-content-fullwidth cs-parallax-on-scroll cs_scroll_y_80 elementor-section-boxed elementor-section-height-default elementor-section-items-middle\" data-id=\"fcb61a4\" data-element_type=\"section\" data-e-type=\"section\" data-settings=\"{&quot;background_background&quot;:&quot;classic&quot;}\" data-cs-parallax-y=\"80\" style=\"background-image: none;\" data-cs-background-image=\"https:\/\/conaculsecuiesc.ro\/wp-content\/uploads\/2025\/03\/WhatsApp-Image-2025-03-23-at-16.45.36_1e3250d9.jpg\" data-cs-background-image-alt-text=\"\">\n\t\t\t\t\t\t\t<div class=\"elementor-background-overlay\"><\/div>\n\t\t\t\t\t\t\t<div class=\"elementor-container elementor-column-gap-no\">\n\t\t\t\t\t<div class=\"elementor-column elementor-col-100 elementor-top-column elementor-element elementor-element-52bbb3b dark-color\" data-id=\"52bbb3b\" data-element_type=\"column\" data-e-type=\"column\">\n\t\t\t<div class=\"elementor-widget-wrap\">\n\t\t\t\t\t\t\t<\/div>\n\t\t<\/div>\n\t\t\t\t\t<\/div>\n\t\t<\/section>\n\t\t\t\t<section class=\"elementor-section elementor-top-section elementor-element elementor-element-506c54dd cs-section-content-fullwidth elementor-section-boxed elementor-section-height-default elementor-section-height-default\" data-id=\"506c54dd\" data-element_type=\"section\" data-e-type=\"section\">\n\t\t\t\t\t\t<div class=\"elementor-container elementor-column-gap-no\">\n\t\t\t\t\t<div class=\"elementor-column elementor-col-100 elementor-top-column elementor-element elementor-element-52676167\" data-id=\"52676167\" data-element_type=\"column\" data-e-type=\"column\">\n\t\t\t<div class=\"elementor-widget-wrap elementor-element-populated\">\n\t\t\t\t\t\t<div class=\"elementor-element elementor-element-5157fbfc elementor-widget elementor-widget-cs_title\" data-id=\"5157fbfc\" data-element_type=\"widget\" data-e-type=\"widget\" data-widget_type=\"cs_title.default\">\n\t\t\t\t<div class=\"elementor-widget-container\">\n\t\t\t\t\t\n        <div class=\"cs-title-wrap text-center\">\t            <div class=\"cs-subtitle-wrap\"><span class=\"cs-subtitle\">Festive fairytale occasions at the Szekler Manor<\/span><\/div>\t            <h3 class=\"cs-title\">\n\t                Why is so special Szekler Manor?\n\n\t            <\/h3>\t            <div class=\"cs-title-text\">\n\t                <p>Whatever the type of event, the Szekler Manor brings together tradition, elegance and dream scenery, making it the perfect place to celebrate any special occasion.<\/p>\t            <\/div>        <\/div>\t\t\t\t<\/div>\n\t\t\t\t<\/div>\n\t\t\t\t<div class=\"elementor-element elementor-element-734894aa elementor-widget elementor-widget-cs_info_box\" data-id=\"734894aa\" data-element_type=\"widget\" data-e-type=\"widget\" data-widget_type=\"cs_info_box.default\">\n\t\t\t\t<div class=\"elementor-widget-container\">\n\t\t\t\t\t\n\t\t\t<div class=\"cs-info-box column-2 valign-top img-left\">\n                <div class=\"cs-info-box-wrap\">                    <div class=\"cs-info-box-item elementor-repeater-item-cccff81\">\n                    \t<div class=\"cs-item-container\">\t                        <div class=\"cs-info-box-img\"><svg aria-hidden=\"true\" class=\"e-font-icon-svg e-far-handshake\" viewbox=\"0 0 640 512\" xmlns=\"http:\/\/www.w3.org\/2000\/svg\"><path d=\"M519.2 127.9l-47.6-47.6A56.252 56.252 0 0 0 432 64H205.2c-14.8 0-29.1 5.9-39.6 16.3L118 127.9H0v255.7h64c17.6 0 31.8-14.2 31.9-31.7h9.1l84.6 76.4c30.9 25.1 73.8 25.7 105.6 3.8 12.5 10.8 26 15.9 41.1 15.9 18.2 0 35.3-7.4 48.8-24 22.1 8.7 48.2 2.6 64-16.8l26.2-32.3c5.6-6.9 9.1-14.8 10.9-23h57.9c.1 17.5 14.4 31.7 31.9 31.7h64V127.9H519.2zM48 351.6c-8.8 0-16-7.2-16-16s7.2-16 16-16 16 7.2 16 16c0 8.9-7.2 16-16 16zm390-6.9l-26.1 32.2c-2.8 3.4-7.8 4-11.3 1.2l-23.9-19.4-30 36.5c-6 7.3-15 4.8-18 2.4l-36.8-31.5-15.6 19.2c-13.9 17.1-39.2 19.7-55.3 6.6l-97.3-88H96V175.8h41.9l61.7-61.6c2-.8 3.7-1.5 5.7-2.3H262l-38.7 35.5c-29.4 26.9-31.1 72.3-4.4 101.3 14.8 16.2 61.2 41.2 101.5 4.4l8.2-7.5 108.2 87.8c3.4 2.8 3.9 7.9 1.2 11.3zm106-40.8h-69.2c-2.3-2.8-4.9-5.4-7.7-7.7l-102.7-83.4 12.5-11.4c6.5-6 7-16.1 1-22.6L367 167.1c-6-6.5-16.1-6.9-22.6-1l-55.2 50.6c-9.5 8.7-25.7 9.4-34.6 0-9.3-9.9-8.5-25.1 1.2-33.9l65.6-60.1c7.4-6.8 17-10.5 27-10.5l83.7-.2c2.1 0 4.1.8 5.5 2.3l61.7 61.6H544v128zm48 47.7c-8.8 0-16-7.2-16-16s7.2-16 16-16 16 7.2 16 16c0 8.9-7.2 16-16 16z\"><\/path><\/svg>\t                        <\/div>\t                        <div class=\"cs-info-box-content\">\n\t                            <h5 class=\"cs-title cs-info-box-title\">Family or group meetings\t\t\t\t\t\t\t\t<\/h5>\t                            \t<div class=\"cs-info-box-text\"><p>Thanks to its warm and welcoming atmosphere, Conacul Secuiesc is an ideal place for family reunions, anniversaries or personalized parties. Here, families, friends, even colleagues can spend quality time together in a setting that combines tradition and modern comfort.<\/p><\/div>\t                        <\/div>\t                    <\/div>\n                    <\/div>                    <div class=\"cs-info-box-item elementor-repeater-item-6c33aa7\">\n                    \t<div class=\"cs-item-container\">\t                        <div class=\"cs-info-box-img\"><svg aria-hidden=\"true\" class=\"e-font-icon-svg e-fas-birthday-cake\" viewbox=\"0 0 448 512\" xmlns=\"http:\/\/www.w3.org\/2000\/svg\"><path d=\"M448 384c-28.02 0-31.26-32-74.5-32-43.43 0-46.825 32-74.75 32-27.695 0-31.454-32-74.75-32-42.842 0-47.218 32-74.5 32-28.148 0-31.202-32-74.75-32-43.547 0-46.653 32-74.75 32v-80c0-26.5 21.5-48 48-48h16V112h64v144h64V112h64v144h64V112h64v144h16c26.5 0 48 21.5 48 48v80zm0 128H0v-96c43.356 0 46.767-32 74.75-32 27.951 0 31.253 32 74.75 32 42.843 0 47.217-32 74.5-32 28.148 0 31.201 32 74.75 32 43.357 0 46.767-32 74.75-32 27.488 0 31.252 32 74.5 32v96zM96 96c-17.75 0-32-14.25-32-32 0-31 32-23 32-64 12 0 32 29.5 32 56s-14.25 40-32 40zm128 0c-17.75 0-32-14.25-32-32 0-31 32-23 32-64 12 0 32 29.5 32 56s-14.25 40-32 40zm128 0c-17.75 0-32-14.25-32-32 0-31 32-23 32-64 12 0 32 29.5 32 56s-14.25 40-32 40z\"><\/path><\/svg>\t                        <\/div>\t                        <div class=\"cs-info-box-content\">\n\t                            <h5 class=\"cs-title cs-info-box-title\">Theme or birthday party\t\t\t\t\t\t\t\t<\/h5>\t                            \t<div class=\"cs-info-box-text\"><p>If you want to organize a special themed party, whether it's a birthday, Christmas or New Year's Eve party, the Szekler Manor offers the perfect setting and our team adds that touch of refinement that will make every detail shine.<\/p><\/div>\t                        <\/div>\t                    <\/div>\n                    <\/div>                    <div class=\"cs-info-box-item elementor-repeater-item-0a01fb1\">\n                    \t<div class=\"cs-item-container\">\t                        <div class=\"cs-info-box-img\"><svg aria-hidden=\"true\" class=\"e-font-icon-svg e-fas-star\" viewbox=\"0 0 576 512\" xmlns=\"http:\/\/www.w3.org\/2000\/svg\"><path d=\"M259.3 17.8L194 150.2 47.9 171.5c-26.2 3.8-36.7 36.1-17.7 54.6l105.7 103-25 145.5c-4.5 26.3 23.2 46 46.4 33.7L288 439.6l130.7 68.7c23.2 12.2 50.9-7.4 46.4-33.7l-25-145.5 105.7-103c19-18.5 8.5-50.8-17.7-54.6L382 150.2 316.7 17.8c-11.7-23.6-45.6-23.9-57.4 0z\"><\/path><\/svg>\t                        <\/div>\t                        <div class=\"cs-info-box-content\">\n\t                            <h5 class=\"cs-title cs-info-box-title\">Cultural or artistic events\t\t\t\t\t\t\t\t<\/h5>\t                            \t<div class=\"cs-info-box-text\"><p>Given its historic charm, the Szekler Manor can also host cultural events, such as craft exhibitions, book launches or music recitals. The location has all the ingredients to create a special atmosphere that inspires creativity.<\/p><\/div>\t                        <\/div>\t                    <\/div>\n                    <\/div>                    <div class=\"cs-info-box-item elementor-repeater-item-bb40a8b\">\n                    \t<div class=\"cs-item-container\">\t                        <div class=\"cs-info-box-img\"><svg aria-hidden=\"true\" class=\"e-font-icon-svg e-fas-music\" viewbox=\"0 0 512 512\" xmlns=\"http:\/\/www.w3.org\/2000\/svg\"><path d=\"M470.38 1.51L150.41 96A32 32 0 0 0 128 126.51v261.41A139 139 0 0 0 96 384c-53 0-96 28.66-96 64s43 64 96 64 96-28.66 96-64V214.32l256-75v184.61a138.4 138.4 0 0 0-32-3.93c-53 0-96 28.66-96 64s43 64 96 64 96-28.65 96-64V32a32 32 0 0 0-41.62-30.49z\"><\/path><\/svg>\t                        <\/div>\t                        <div class=\"cs-info-box-content\">\n\t                            <h5 class=\"cs-title cs-info-box-title\">Special live music nights\t\t\t\t\t\t\t\t<\/h5>\t                            \t<div class=\"cs-info-box-text\"><p>The manor's atmosphere comes alive through intimate musical evenings, where warm sounds complement the d\u00e9cor and create an elegant experience ideal for guests who appreciate art and relaxation.<\/p><\/div>\t                        <\/div>\t                    <\/div>\n                    <\/div>\t\t\t\t<\/div>\n\t\t\t<\/div>\t\t\t\t<\/div>\n\t\t\t\t<\/div>\n\t\t\t\t\t<\/div>\n\t\t<\/div>\n\t\t\t\t\t<\/div>\n\t\t<\/section>\n\t\t\t\t<section class=\"elementor-section elementor-top-section elementor-element elementor-element-66af0a69 elementor-section-full_width elementor-section-height-default elementor-section-height-default\" data-id=\"66af0a69\" data-element_type=\"section\" data-e-type=\"section\">\n\t\t\t\t\t\t<div class=\"elementor-container elementor-column-gap-no\">\n\t\t\t\t\t<div class=\"elementor-column elementor-col-100 elementor-top-column elementor-element elementor-element-19860c0c\" data-id=\"19860c0c\" data-element_type=\"column\" data-e-type=\"column\">\n\t\t\t<div class=\"elementor-widget-wrap elementor-element-populated\">\n\t\t\t\t\t\t<div class=\"elementor-element elementor-element-5af1c6bf elementor-widget elementor-widget-cs_instagram\" data-id=\"5af1c6bf\" data-element_type=\"widget\" data-e-type=\"widget\" data-widget_type=\"cs_instagram.default\">\n\t\t\t\t<div class=\"elementor-widget-container\">\n\t\t\t\t\t\n        <div class=\"cs-instagram column-mosaic mosaic-2\">\t                <ul>\t                        <li><div class=\"feed-bg\" style=\"background-image:url(https:\/\/conaculsecuiesc.ro\/wp-content\/uploads\/2025\/03\/WhatsApp-Image-2025-03-23-at-16.47.00_e83f858a.jpg);\"><\/div><\/li>\t                        <li><div class=\"feed-bg\" style=\"background-image:url(https:\/\/conaculsecuiesc.ro\/wp-content\/uploads\/2025\/03\/WhatsApp-Image-2025-03-23-at-16.45.55_005142d0.jpg);\"><\/div><\/li>\t                        <li><div class=\"feed-bg\" style=\"background-image:url(https:\/\/conaculsecuiesc.ro\/wp-content\/uploads\/2025\/03\/WhatsApp-Image-2025-03-23-at-16.45.36_55f582ae.jpg);\"><\/div><\/li>\t                        <li><div class=\"feed-bg\" style=\"background-image:url(https:\/\/conaculsecuiesc.ro\/wp-content\/uploads\/2025\/03\/WhatsApp-Image-2025-03-23-at-16.45.36_1e3250d9.jpg);\"><\/div><\/li>\t                        <li><div class=\"feed-bg\" style=\"background-image:url(https:\/\/conaculsecuiesc.ro\/wp-content\/uploads\/2025\/03\/WhatsApp-Image-2025-03-23-at-16.15.38_13745546.jpg);\"><\/div><\/li>\t                        <li><div class=\"feed-bg\" style=\"background-image:url(https:\/\/conaculsecuiesc.ro\/wp-content\/uploads\/2025\/03\/WhatsApp-Image-2025-03-23-at-16.23.50_bcd93562.jpg);\"><\/div><\/li>\t                        <li><div class=\"feed-bg\" style=\"background-image:url(https:\/\/conaculsecuiesc.ro\/wp-content\/uploads\/2025\/03\/WhatsApp-Image-2025-03-23-at-16.24.27_2ed5130b.jpg);\"><\/div><\/li>\t                <\/ul>        <\/div>\t\t\t\t<\/div>\n\t\t\t\t<\/div>\n\t\t\t\t<div class=\"elementor-element elementor-element-a11dee8 elementor-align-center elementor-widget elementor-widget-cs_button\" data-id=\"a11dee8\" data-element_type=\"widget\" data-e-type=\"widget\" data-widget_type=\"cs_button.default\">\n\t\t\t\t<div class=\"elementor-widget-container\">\n\t\t\t\t\t        <a href=\"https:\/\/conaculsecuiesc.ro\/en\/calcule-estimative-meniu-eveniment\/\" class=\"elementor-button-link button cs-btn-color-secondary\" role=\"button\">\n            <span class=\"cs-btn-text\">Event menu estimates<\/span>        <\/a>\t\t\t\t<\/div>\n\t\t\t\t<\/div>\n\t\t\t\t<div class=\"elementor-element elementor-element-7ad392d elementor-widget elementor-widget-spacer\" data-id=\"7ad392d\" data-element_type=\"widget\" data-e-type=\"widget\" data-widget_type=\"spacer.default\">\n\t\t\t\t<div class=\"elementor-widget-container\">\n\t\t\t\t\t\t\t<div class=\"elementor-spacer\">\n\t\t\t<div class=\"elementor-spacer-inner\"><\/div>\n\t\t<\/div>\n\t\t\t\t\t\t<\/div>\n\t\t\t\t<\/div>\n\t\t\t\t\t<\/div>\n\t\t<\/div>\n\t\t\t\t\t<\/div>\n\t\t<\/section>\n\t\t\t\t<\/div>","protected":false},"excerpt":{"rendered":"<p>Ocazii festive de poveste la Conacul Secuiesc De ce s\u0103 alegi Conacul Secuiesc? Indiferent de tipul de eveniment, Conacul Secuiesc reune\u0219te tradi\u021bia, elegan\u021ba \u0219i peisajul de vis, f\u0103c\u00e2ndu-l locul perfect pentru a s\u0103rb\u0103tori orice ocazie special\u0103. Reuniune de familie sau \u00eent\u00e2lniri de grup Datorit\u0103 atmosferei calde \u0219i primitoare, Conacul Secuiesc este un loc ideal pentru &#8230;<\/p>","protected":false},"author":4,"featured_media":0,"parent":0,"menu_order":0,"comment_status":"closed","ping_status":"closed","template":"template-wide-content.php","meta":{"cozystay_single_page_hide_site_header":"","cozystay_single_page_site_header_source":"","cozystay_single_page_custom_site_header":"0","cozystay_single_page_custom_sticky_site_header":"0","cozystay_single_page_hide_page_title":"on","cozystay_single_page_header_section_size":"","cozystay_single_page_header_background_color":"","cozystay_single_page_header_background_position_x":"center","cozystay_single_page_header_background_position_y":"center","cozystay_single_page_header_background_size":"cover","cozystay_single_page_header_background_repeat":"off","cozystay_single_page_header_background_scroll":"on","cozystay_single_page_header_text_color":"","cozystay_single_page_header_show_breadcrumb":"","cozystay_single_page_site_footer_hide_main":"","cozystay_single_custom_site_footer_main_source":"","cozystay_single_custom_site_footer_main":"0","cozystay_single_page_site_footer_hide_above":"","cozystay_single_custom_site_footer_above_source":"","cozystay_single_custom_site_footer_above":"0","cozystay_single_page_site_footer_hide_instagram":"","cozystay_single_page_site_footer_hide_bottom":"","cozystay_single_custom_mobile_menu_source":"","cozystay_single_custom_mobile_menu":"0","cozystay_single_custom_mobile_menu_animation":"","cozystay_single_custom_mobile_menu_width":"","cozystay_single_custom_mobile_menu_custom_width":375,"footnotes":""},"class_list":["post-9803","page","type-page","status-publish","hentry"],"yoast_head":"<!-- This site is optimized with the Yoast SEO plugin v27.4 - https:\/\/yoast.com\/product\/yoast-seo-wordpress\/ -->\n<title>Ocazii festive la Conac - Conacul Secuiesc - Sz\u00e9kelyk\u0151\u00a0K\u00faria<\/title>\n<meta name=\"robots\" content=\"index, follow, max-snippet:-1, max-image-preview:large, max-video-preview:-1\" \/>\n<link rel=\"canonical\" href=\"https:\/\/conaculsecuiesc.ro\/en\/ocazii-festive-la-conac\/\" \/>\n<meta property=\"og:locale\" content=\"en_US\" \/>\n<meta property=\"og:type\" content=\"article\" \/>\n<meta property=\"og:title\" content=\"Ocazii festive la Conac - Conacul Secuiesc - Sz\u00e9kelyk\u0151\u00a0K\u00faria\" \/>\n<meta property=\"og:description\" content=\"Ocazii festive de poveste la Conacul Secuiesc De ce s\u0103 alegi Conacul Secuiesc? Indiferent de tipul de eveniment, Conacul Secuiesc reune\u0219te tradi\u021bia, elegan\u021ba \u0219i peisajul de vis, f\u0103c\u00e2ndu-l locul perfect pentru a s\u0103rb\u0103tori orice ocazie special\u0103. Reuniune de familie sau \u00eent\u00e2lniri de grup Datorit\u0103 atmosferei calde \u0219i primitoare, Conacul Secuiesc este un loc ideal pentru ...\" \/>\n<meta property=\"og:url\" content=\"https:\/\/conaculsecuiesc.ro\/en\/ocazii-festive-la-conac\/\" \/>\n<meta property=\"og:site_name\" content=\"Conacul Secuiesc - Sz\u00e9kelyk\u0151\u00a0K\u00faria\" \/>\n<meta property=\"article:publisher\" content=\"https:\/\/www.facebook.com\/conaculsecuiesc\" \/>\n<meta property=\"article:modified_time\" content=\"2026-03-23T14:46:38+00:00\" \/>\n<meta name=\"twitter:card\" content=\"summary_large_image\" \/>\n<meta name=\"twitter:label1\" content=\"Est. reading time\" \/>\n\t<meta name=\"twitter:data1\" content=\"1 minute\" \/>\n<script type=\"application\/ld+json\" class=\"yoast-schema-graph\">{\"@context\":\"https:\\\/\\\/schema.org\",\"@graph\":[{\"@type\":\"NewsArticle\",\"@id\":\"https:\\\/\\\/conaculsecuiesc.ro\\\/ocazii-festive-la-conac\\\/#article\",\"isPartOf\":{\"@id\":\"https:\\\/\\\/conaculsecuiesc.ro\\\/ocazii-festive-la-conac\\\/\"},\"author\":{\"name\":\"Conac\",\"@id\":\"https:\\\/\\\/conaculsecuiesc.ro\\\/#\\\/schema\\\/person\\\/095f60a59372978f1d4bc98cb18c58ed\"},\"headline\":\"Ocazii festive la Conac\",\"datePublished\":\"2026-02-16T11:21:10+00:00\",\"dateModified\":\"2026-03-23T14:46:38+00:00\",\"mainEntityOfPage\":{\"@id\":\"https:\\\/\\\/conaculsecuiesc.ro\\\/ocazii-festive-la-conac\\\/\"},\"wordCount\":229,\"publisher\":{\"@id\":\"https:\\\/\\\/conaculsecuiesc.ro\\\/#organization\"},\"inLanguage\":\"en-US\"},{\"@type\":\"WebPage\",\"@id\":\"https:\\\/\\\/conaculsecuiesc.ro\\\/ocazii-festive-la-conac\\\/\",\"url\":\"https:\\\/\\\/conaculsecuiesc.ro\\\/ocazii-festive-la-conac\\\/\",\"name\":\"Ocazii festive la Conac - Conacul Secuiesc - Sz\u00e9kelyk\u0151\u00a0K\u00faria\",\"isPartOf\":{\"@id\":\"https:\\\/\\\/conaculsecuiesc.ro\\\/#website\"},\"datePublished\":\"2026-02-16T11:21:10+00:00\",\"dateModified\":\"2026-03-23T14:46:38+00:00\",\"breadcrumb\":{\"@id\":\"https:\\\/\\\/conaculsecuiesc.ro\\\/ocazii-festive-la-conac\\\/#breadcrumb\"},\"inLanguage\":\"en-US\",\"potentialAction\":[{\"@type\":\"ReadAction\",\"target\":[\"https:\\\/\\\/conaculsecuiesc.ro\\\/ocazii-festive-la-conac\\\/\"]}]},{\"@type\":\"BreadcrumbList\",\"@id\":\"https:\\\/\\\/conaculsecuiesc.ro\\\/ocazii-festive-la-conac\\\/#breadcrumb\",\"itemListElement\":[{\"@type\":\"ListItem\",\"position\":1,\"name\":\"Home\",\"item\":\"https:\\\/\\\/conaculsecuiesc.ro\\\/\"},{\"@type\":\"ListItem\",\"position\":2,\"name\":\"Ocazii festive la Conac\"}]},{\"@type\":\"WebSite\",\"@id\":\"https:\\\/\\\/conaculsecuiesc.ro\\\/#website\",\"url\":\"https:\\\/\\\/conaculsecuiesc.ro\\\/\",\"name\":\"Conacul Secuiesc - Sz\u00e9kelyk\u0151\u00a0K\u00faria\",\"description\":\"Conacul Secuiesc - Sz\u00e9kelyk\u0151\u00a0K\u00faria Alba Iulia\",\"publisher\":{\"@id\":\"https:\\\/\\\/conaculsecuiesc.ro\\\/#organization\"},\"potentialAction\":[{\"@type\":\"SearchAction\",\"target\":{\"@type\":\"EntryPoint\",\"urlTemplate\":\"https:\\\/\\\/conaculsecuiesc.ro\\\/?s={search_term_string}\"},\"query-input\":{\"@type\":\"PropertyValueSpecification\",\"valueRequired\":true,\"valueName\":\"search_term_string\"}}],\"inLanguage\":\"en-US\"},{\"@type\":\"Organization\",\"@id\":\"https:\\\/\\\/conaculsecuiesc.ro\\\/#organization\",\"name\":\"Conacul Secuiesc - Sz\u00e9kelyk\u0151\u00a0K\u00faria\",\"url\":\"https:\\\/\\\/conaculsecuiesc.ro\\\/\",\"logo\":{\"@type\":\"ImageObject\",\"inLanguage\":\"en-US\",\"@id\":\"https:\\\/\\\/conaculsecuiesc.ro\\\/#\\\/schema\\\/logo\\\/image\\\/\",\"url\":\"https:\\\/\\\/conaculsecuiesc.ro\\\/wp-content\\\/uploads\\\/2024\\\/10\\\/logo-conacul-secuiesc_3aq.webp\",\"contentUrl\":\"https:\\\/\\\/conaculsecuiesc.ro\\\/wp-content\\\/uploads\\\/2024\\\/10\\\/logo-conacul-secuiesc_3aq.webp\",\"width\":200,\"height\":217,\"caption\":\"Conacul Secuiesc - Sz\u00e9kelyk\u0151\u00a0K\u00faria\"},\"image\":{\"@id\":\"https:\\\/\\\/conaculsecuiesc.ro\\\/#\\\/schema\\\/logo\\\/image\\\/\"},\"sameAs\":[\"https:\\\/\\\/www.facebook.com\\\/conaculsecuiesc\",\"https:\\\/\\\/www.instagram.com\\\/conaculsecuiesc\\\/\"]},{\"@type\":\"Person\",\"@id\":\"https:\\\/\\\/conaculsecuiesc.ro\\\/#\\\/schema\\\/person\\\/095f60a59372978f1d4bc98cb18c58ed\",\"name\":\"Conac\",\"image\":{\"@type\":\"ImageObject\",\"inLanguage\":\"en-US\",\"@id\":\"https:\\\/\\\/secure.gravatar.com\\\/avatar\\\/e7e8749bfae50b98e855fa8735534c4ae8fc4c1ada26e3c5996c0d039d7dc3df?s=96&d=mm&r=g\",\"url\":\"https:\\\/\\\/secure.gravatar.com\\\/avatar\\\/e7e8749bfae50b98e855fa8735534c4ae8fc4c1ada26e3c5996c0d039d7dc3df?s=96&d=mm&r=g\",\"contentUrl\":\"https:\\\/\\\/secure.gravatar.com\\\/avatar\\\/e7e8749bfae50b98e855fa8735534c4ae8fc4c1ada26e3c5996c0d039d7dc3df?s=96&d=mm&r=g\",\"caption\":\"Conac\"},\"url\":\"https:\\\/\\\/conaculsecuiesc.ro\\\/en\\\/author\\\/conac\\\/\"}]}<\/script>\n<!-- \/ Yoast SEO plugin. -->","yoast_head_json":{"title":"Ocazii festive la Conac - Conacul Secuiesc - Sz\u00e9kelyk\u0151\u00a0K\u00faria","robots":{"index":"index","follow":"follow","max-snippet":"max-snippet:-1","max-image-preview":"max-image-preview:large","max-video-preview":"max-video-preview:-1"},"canonical":"https:\/\/conaculsecuiesc.ro\/en\/ocazii-festive-la-conac\/","og_locale":"en_US","og_type":"article","og_title":"Ocazii festive la Conac - Conacul Secuiesc - Sz\u00e9kelyk\u0151\u00a0K\u00faria","og_description":"Ocazii festive de poveste la Conacul Secuiesc De ce s\u0103 alegi Conacul Secuiesc? Indiferent de tipul de eveniment, Conacul Secuiesc reune\u0219te tradi\u021bia, elegan\u021ba \u0219i peisajul de vis, f\u0103c\u00e2ndu-l locul perfect pentru a s\u0103rb\u0103tori orice ocazie special\u0103. Reuniune de familie sau \u00eent\u00e2lniri de grup Datorit\u0103 atmosferei calde \u0219i primitoare, Conacul Secuiesc este un loc ideal pentru ...","og_url":"https:\/\/conaculsecuiesc.ro\/en\/ocazii-festive-la-conac\/","og_site_name":"Conacul Secuiesc - Sz\u00e9kelyk\u0151\u00a0K\u00faria","article_publisher":"https:\/\/www.facebook.com\/conaculsecuiesc","article_modified_time":"2026-03-23T14:46:38+00:00","twitter_card":"summary_large_image","twitter_misc":{"Est. reading time":"1 minute"},"schema":{"@context":"https:\/\/schema.org","@graph":[{"@type":"NewsArticle","@id":"https:\/\/conaculsecuiesc.ro\/ocazii-festive-la-conac\/#article","isPartOf":{"@id":"https:\/\/conaculsecuiesc.ro\/ocazii-festive-la-conac\/"},"author":{"name":"Conac","@id":"https:\/\/conaculsecuiesc.ro\/#\/schema\/person\/095f60a59372978f1d4bc98cb18c58ed"},"headline":"Ocazii festive la Conac","datePublished":"2026-02-16T11:21:10+00:00","dateModified":"2026-03-23T14:46:38+00:00","mainEntityOfPage":{"@id":"https:\/\/conaculsecuiesc.ro\/ocazii-festive-la-conac\/"},"wordCount":229,"publisher":{"@id":"https:\/\/conaculsecuiesc.ro\/#organization"},"inLanguage":"en-US"},{"@type":"WebPage","@id":"https:\/\/conaculsecuiesc.ro\/ocazii-festive-la-conac\/","url":"https:\/\/conaculsecuiesc.ro\/ocazii-festive-la-conac\/","name":"Ocazii festive la Conac - Conacul Secuiesc - Sz\u00e9kelyk\u0151\u00a0K\u00faria","isPartOf":{"@id":"https:\/\/conaculsecuiesc.ro\/#website"},"datePublished":"2026-02-16T11:21:10+00:00","dateModified":"2026-03-23T14:46:38+00:00","breadcrumb":{"@id":"https:\/\/conaculsecuiesc.ro\/ocazii-festive-la-conac\/#breadcrumb"},"inLanguage":"en-US","potentialAction":[{"@type":"ReadAction","target":["https:\/\/conaculsecuiesc.ro\/ocazii-festive-la-conac\/"]}]},{"@type":"BreadcrumbList","@id":"https:\/\/conaculsecuiesc.ro\/ocazii-festive-la-conac\/#breadcrumb","itemListElement":[{"@type":"ListItem","position":1,"name":"Home","item":"https:\/\/conaculsecuiesc.ro\/"},{"@type":"ListItem","position":2,"name":"Ocazii festive la Conac"}]},{"@type":"WebSite","@id":"https:\/\/conaculsecuiesc.ro\/#website","url":"https:\/\/conaculsecuiesc.ro\/","name":"Szekler Manor - Sz\u00e9kelyk\u0151 K\u00faria","description":"Szekler Manor - Sz\u00e9kelyk\u0151 K\u00faria Alba Iulia","publisher":{"@id":"https:\/\/conaculsecuiesc.ro\/#organization"},"potentialAction":[{"@type":"SearchAction","target":{"@type":"EntryPoint","urlTemplate":"https:\/\/conaculsecuiesc.ro\/?s={search_term_string}"},"query-input":{"@type":"PropertyValueSpecification","valueRequired":true,"valueName":"search_term_string"}}],"inLanguage":"en-US"},{"@type":"Organization","@id":"https:\/\/conaculsecuiesc.ro\/#organization","name":"Szekler Manor - Sz\u00e9kelyk\u0151 K\u00faria","url":"https:\/\/conaculsecuiesc.ro\/","logo":{"@type":"ImageObject","inLanguage":"en-US","@id":"https:\/\/conaculsecuiesc.ro\/#\/schema\/logo\/image\/","url":"https:\/\/conaculsecuiesc.ro\/wp-content\/uploads\/2024\/10\/logo-conacul-secuiesc_3aq.webp","contentUrl":"https:\/\/conaculsecuiesc.ro\/wp-content\/uploads\/2024\/10\/logo-conacul-secuiesc_3aq.webp","width":200,"height":217,"caption":"Conacul Secuiesc - Sz\u00e9kelyk\u0151\u00a0K\u00faria"},"image":{"@id":"https:\/\/conaculsecuiesc.ro\/#\/schema\/logo\/image\/"},"sameAs":["https:\/\/www.facebook.com\/conaculsecuiesc","https:\/\/www.instagram.com\/conaculsecuiesc\/"]},{"@type":"Person","@id":"https:\/\/conaculsecuiesc.ro\/#\/schema\/person\/095f60a59372978f1d4bc98cb18c58ed","name":"Conac","image":{"@type":"ImageObject","inLanguage":"en-US","@id":"https:\/\/secure.gravatar.com\/avatar\/e7e8749bfae50b98e855fa8735534c4ae8fc4c1ada26e3c5996c0d039d7dc3df?s=96&d=mm&r=g","url":"https:\/\/secure.gravatar.com\/avatar\/e7e8749bfae50b98e855fa8735534c4ae8fc4c1ada26e3c5996c0d039d7dc3df?s=96&d=mm&r=g","contentUrl":"https:\/\/secure.gravatar.com\/avatar\/e7e8749bfae50b98e855fa8735534c4ae8fc4c1ada26e3c5996c0d039d7dc3df?s=96&d=mm&r=g","caption":"Conac"},"url":"https:\/\/conaculsecuiesc.ro\/en\/author\/conac\/"}]}},"_links":{"self":[{"href":"https:\/\/conaculsecuiesc.ro\/en\/wp-json\/wp\/v2\/pages\/9803","targetHints":{"allow":["GET"]}}],"collection":[{"href":"https:\/\/conaculsecuiesc.ro\/en\/wp-json\/wp\/v2\/pages"}],"about":[{"href":"https:\/\/conaculsecuiesc.ro\/en\/wp-json\/wp\/v2\/types\/page"}],"author":[{"embeddable":true,"href":"https:\/\/conaculsecuiesc.ro\/en\/wp-json\/wp\/v2\/users\/4"}],"replies":[{"embeddable":true,"href":"https:\/\/conaculsecuiesc.ro\/en\/wp-json\/wp\/v2\/comments?post=9803"}],"version-history":[{"count":16,"href":"https:\/\/conaculsecuiesc.ro\/en\/wp-json\/wp\/v2\/pages\/9803\/revisions"}],"predecessor-version":[{"id":10452,"href":"https:\/\/conaculsecuiesc.ro\/en\/wp-json\/wp\/v2\/pages\/9803\/revisions\/10452"}],"wp:attachment":[{"href":"https:\/\/conaculsecuiesc.ro\/en\/wp-json\/wp\/v2\/media?parent=9803"}],"curies":[{"name":"wp","href":"https:\/\/api.w.org\/{rel}","templated":true}]}}