{"id":7716,"date":"2025-10-01T10:25:32","date_gmt":"2025-10-01T10:25:32","guid":{"rendered":"https:\/\/conaculsecuiesc.ro\/?post_type=product&#038;p=7716"},"modified":"2025-12-16T10:53:37","modified_gmt":"2025-12-16T10:53:37","slug":"voucher-restaurant","status":"publish","type":"product","link":"https:\/\/conaculsecuiesc.ro\/en\/product\/voucher-restaurant\/","title":{"rendered":"Restaurant Voucher"},"content":{"rendered":"<p>Offer the gift of an authentic culinary experience at the Szekler Manor. The carefully prepared and traditionally inspired dishes are complemented by the relaxing and welcoming atmosphere of the manor house. Whether lunch or dinner, the meal becomes an unforgettable memory with your loved ones.<\/p>","protected":false},"excerpt":{"rendered":"<p>A meal like old times at <strong data-start=\"108\" data-end=\"129\">Szekler Manor.<\/strong><br data-start=\"129\" data-end=\"132\" \/>Tranquillity, dreamy scenery and great food, all in a place with soul.<\/p>","protected":false},"featured_media":6075,"comment_status":"open","ping_status":"closed","template":"","meta":[],"product_brand":[],"product_cat":[44],"product_tag":[],"class_list":{"0":"post-7716","1":"product","2":"type-product","3":"status-publish","4":"has-post-thumbnail","6":"product_cat-wps_wgm_giftcard","8":"first","9":"instock","10":"shipping-taxable","11":"product-type-simple"},"yoast_head":"<!-- This site is optimized with the Yoast SEO plugin v27.4 - https:\/\/yoast.com\/product\/yoast-seo-wordpress\/ -->\n<title>Voucher Restaurant - Conacul Secuiesc - Sz\u00e9kelyk\u0151\u00a0K\u00faria<\/title>\n<meta name=\"robots\" content=\"index, follow, max-snippet:-1, max-image-preview:large, max-video-preview:-1\" \/>\n<link rel=\"canonical\" href=\"https:\/\/conaculsecuiesc.ro\/en\/product\/voucher-restaurant\/\" \/>\n<meta property=\"og:locale\" content=\"en_US\" \/>\n<meta property=\"og:type\" content=\"article\" \/>\n<meta property=\"og:title\" content=\"Voucher Restaurant - Conacul Secuiesc - Sz\u00e9kelyk\u0151\u00a0K\u00faria\" \/>\n<meta property=\"og:description\" content=\"O mas\u0103 ca alt\u0103dat\u0103 la Conacul Secuiesc.Lini\u0219te, peisaje de vis \u0219i bucate alese, toate \u00eentr-un loc cu suflet.\" \/>\n<meta property=\"og:url\" content=\"https:\/\/conaculsecuiesc.ro\/en\/product\/voucher-restaurant\/\" \/>\n<meta property=\"og:site_name\" content=\"Conacul Secuiesc - Sz\u00e9kelyk\u0151\u00a0K\u00faria\" \/>\n<meta property=\"article:publisher\" content=\"https:\/\/www.facebook.com\/conaculsecuiesc\" \/>\n<meta property=\"article:modified_time\" content=\"2025-12-16T10:53:37+00:00\" \/>\n<meta property=\"og:image\" content=\"https:\/\/conaculsecuiesc.ro\/wp-content\/uploads\/2025\/03\/WhatsApp-Image-2025-03-23-at-15.38.51_e19db89b.jpg\" \/>\n\t<meta property=\"og:image:width\" content=\"1600\" \/>\n\t<meta property=\"og:image:height\" content=\"1067\" \/>\n\t<meta property=\"og:image:type\" content=\"image\/jpeg\" \/>\n<meta name=\"twitter:card\" content=\"summary_large_image\" \/>\n<meta name=\"twitter:label1\" content=\"Est. reading time\" \/>\n\t<meta name=\"twitter:data1\" content=\"1 minute\" \/>\n<script type=\"application\/ld+json\" class=\"yoast-schema-graph\">{\"@context\":\"https:\\\/\\\/schema.org\",\"@graph\":[{\"@type\":\"WebPage\",\"@id\":\"https:\\\/\\\/conaculsecuiesc.ro\\\/produs\\\/voucher-restaurant\\\/\",\"url\":\"https:\\\/\\\/conaculsecuiesc.ro\\\/produs\\\/voucher-restaurant\\\/\",\"name\":\"Voucher Restaurant - Conacul Secuiesc - Sz\u00e9kelyk\u0151\u00a0K\u00faria\",\"isPartOf\":{\"@id\":\"https:\\\/\\\/conaculsecuiesc.ro\\\/#website\"},\"primaryImageOfPage\":{\"@id\":\"https:\\\/\\\/conaculsecuiesc.ro\\\/produs\\\/voucher-restaurant\\\/#primaryimage\"},\"image\":{\"@id\":\"https:\\\/\\\/conaculsecuiesc.ro\\\/produs\\\/voucher-restaurant\\\/#primaryimage\"},\"thumbnailUrl\":\"https:\\\/\\\/conaculsecuiesc.ro\\\/wp-content\\\/uploads\\\/2025\\\/03\\\/WhatsApp-Image-2025-03-23-at-15.38.51_e19db89b.jpg\",\"datePublished\":\"2025-10-01T10:25:32+00:00\",\"dateModified\":\"2025-12-16T10:53:37+00:00\",\"breadcrumb\":{\"@id\":\"https:\\\/\\\/conaculsecuiesc.ro\\\/produs\\\/voucher-restaurant\\\/#breadcrumb\"},\"inLanguage\":\"en-US\",\"potentialAction\":[{\"@type\":\"ReadAction\",\"target\":[\"https:\\\/\\\/conaculsecuiesc.ro\\\/produs\\\/voucher-restaurant\\\/\"]}]},{\"@type\":\"ImageObject\",\"inLanguage\":\"en-US\",\"@id\":\"https:\\\/\\\/conaculsecuiesc.ro\\\/produs\\\/voucher-restaurant\\\/#primaryimage\",\"url\":\"https:\\\/\\\/conaculsecuiesc.ro\\\/wp-content\\\/uploads\\\/2025\\\/03\\\/WhatsApp-Image-2025-03-23-at-15.38.51_e19db89b.jpg\",\"contentUrl\":\"https:\\\/\\\/conaculsecuiesc.ro\\\/wp-content\\\/uploads\\\/2025\\\/03\\\/WhatsApp-Image-2025-03-23-at-15.38.51_e19db89b.jpg\",\"width\":1600,\"height\":1067},{\"@type\":\"BreadcrumbList\",\"@id\":\"https:\\\/\\\/conaculsecuiesc.ro\\\/produs\\\/voucher-restaurant\\\/#breadcrumb\",\"itemListElement\":[{\"@type\":\"ListItem\",\"position\":1,\"name\":\"Home\",\"item\":\"https:\\\/\\\/conaculsecuiesc.ro\\\/\"},{\"@type\":\"ListItem\",\"position\":2,\"name\":\"Produse\",\"item\":\"https:\\\/\\\/conaculsecuiesc.ro\\\/shop\\\/\"},{\"@type\":\"ListItem\",\"position\":3,\"name\":\"Voucher Restaurant\"}]},{\"@type\":\"WebSite\",\"@id\":\"https:\\\/\\\/conaculsecuiesc.ro\\\/#website\",\"url\":\"https:\\\/\\\/conaculsecuiesc.ro\\\/\",\"name\":\"Conacul Secuiesc - Sz\u00e9kelyk\u0151\u00a0K\u00faria\",\"description\":\"Conacul Secuiesc - Sz\u00e9kelyk\u0151\u00a0K\u00faria Alba Iulia\",\"publisher\":{\"@id\":\"https:\\\/\\\/conaculsecuiesc.ro\\\/#organization\"},\"potentialAction\":[{\"@type\":\"SearchAction\",\"target\":{\"@type\":\"EntryPoint\",\"urlTemplate\":\"https:\\\/\\\/conaculsecuiesc.ro\\\/?s={search_term_string}\"},\"query-input\":{\"@type\":\"PropertyValueSpecification\",\"valueRequired\":true,\"valueName\":\"search_term_string\"}}],\"inLanguage\":\"en-US\"},{\"@type\":\"Organization\",\"@id\":\"https:\\\/\\\/conaculsecuiesc.ro\\\/#organization\",\"name\":\"Conacul Secuiesc - Sz\u00e9kelyk\u0151\u00a0K\u00faria\",\"url\":\"https:\\\/\\\/conaculsecuiesc.ro\\\/\",\"logo\":{\"@type\":\"ImageObject\",\"inLanguage\":\"en-US\",\"@id\":\"https:\\\/\\\/conaculsecuiesc.ro\\\/#\\\/schema\\\/logo\\\/image\\\/\",\"url\":\"https:\\\/\\\/conaculsecuiesc.ro\\\/wp-content\\\/uploads\\\/2024\\\/10\\\/logo-conacul-secuiesc_3aq.webp\",\"contentUrl\":\"https:\\\/\\\/conaculsecuiesc.ro\\\/wp-content\\\/uploads\\\/2024\\\/10\\\/logo-conacul-secuiesc_3aq.webp\",\"width\":200,\"height\":217,\"caption\":\"Conacul Secuiesc - Sz\u00e9kelyk\u0151\u00a0K\u00faria\"},\"image\":{\"@id\":\"https:\\\/\\\/conaculsecuiesc.ro\\\/#\\\/schema\\\/logo\\\/image\\\/\"},\"sameAs\":[\"https:\\\/\\\/www.facebook.com\\\/conaculsecuiesc\",\"https:\\\/\\\/www.instagram.com\\\/conaculsecuiesc\\\/\"]}]}<\/script>\n<!-- \/ Yoast SEO plugin. -->","yoast_head_json":{"title":"Voucher Restaurant - Conacul Secuiesc - Sz\u00e9kelyk\u0151\u00a0K\u00faria","robots":{"index":"index","follow":"follow","max-snippet":"max-snippet:-1","max-image-preview":"max-image-preview:large","max-video-preview":"max-video-preview:-1"},"canonical":"https:\/\/conaculsecuiesc.ro\/en\/product\/voucher-restaurant\/","og_locale":"en_US","og_type":"article","og_title":"Voucher Restaurant - Conacul Secuiesc - Sz\u00e9kelyk\u0151\u00a0K\u00faria","og_description":"O mas\u0103 ca alt\u0103dat\u0103 la Conacul Secuiesc.Lini\u0219te, peisaje de vis \u0219i bucate alese, toate \u00eentr-un loc cu suflet.","og_url":"https:\/\/conaculsecuiesc.ro\/en\/product\/voucher-restaurant\/","og_site_name":"Conacul Secuiesc - Sz\u00e9kelyk\u0151\u00a0K\u00faria","article_publisher":"https:\/\/www.facebook.com\/conaculsecuiesc","article_modified_time":"2025-12-16T10:53:37+00:00","og_image":[{"width":1600,"height":1067,"url":"https:\/\/conaculsecuiesc.ro\/wp-content\/uploads\/2025\/03\/WhatsApp-Image-2025-03-23-at-15.38.51_e19db89b.jpg","type":"image\/jpeg"}],"twitter_card":"summary_large_image","twitter_misc":{"Est. reading time":"1 minute"},"schema":{"@context":"https:\/\/schema.org","@graph":[{"@type":"WebPage","@id":"https:\/\/conaculsecuiesc.ro\/produs\/voucher-restaurant\/","url":"https:\/\/conaculsecuiesc.ro\/produs\/voucher-restaurant\/","name":"Voucher Restaurant - Conacul Secuiesc - Sz\u00e9kelyk\u0151\u00a0K\u00faria","isPartOf":{"@id":"https:\/\/conaculsecuiesc.ro\/#website"},"primaryImageOfPage":{"@id":"https:\/\/conaculsecuiesc.ro\/produs\/voucher-restaurant\/#primaryimage"},"image":{"@id":"https:\/\/conaculsecuiesc.ro\/produs\/voucher-restaurant\/#primaryimage"},"thumbnailUrl":"https:\/\/conaculsecuiesc.ro\/wp-content\/uploads\/2025\/03\/WhatsApp-Image-2025-03-23-at-15.38.51_e19db89b.jpg","datePublished":"2025-10-01T10:25:32+00:00","dateModified":"2025-12-16T10:53:37+00:00","breadcrumb":{"@id":"https:\/\/conaculsecuiesc.ro\/produs\/voucher-restaurant\/#breadcrumb"},"inLanguage":"en-US","potentialAction":[{"@type":"ReadAction","target":["https:\/\/conaculsecuiesc.ro\/produs\/voucher-restaurant\/"]}]},{"@type":"ImageObject","inLanguage":"en-US","@id":"https:\/\/conaculsecuiesc.ro\/produs\/voucher-restaurant\/#primaryimage","url":"https:\/\/conaculsecuiesc.ro\/wp-content\/uploads\/2025\/03\/WhatsApp-Image-2025-03-23-at-15.38.51_e19db89b.jpg","contentUrl":"https:\/\/conaculsecuiesc.ro\/wp-content\/uploads\/2025\/03\/WhatsApp-Image-2025-03-23-at-15.38.51_e19db89b.jpg","width":1600,"height":1067},{"@type":"BreadcrumbList","@id":"https:\/\/conaculsecuiesc.ro\/produs\/voucher-restaurant\/#breadcrumb","itemListElement":[{"@type":"ListItem","position":1,"name":"Home","item":"https:\/\/conaculsecuiesc.ro\/"},{"@type":"ListItem","position":2,"name":"Produse","item":"https:\/\/conaculsecuiesc.ro\/shop\/"},{"@type":"ListItem","position":3,"name":"Voucher Restaurant"}]},{"@type":"WebSite","@id":"https:\/\/conaculsecuiesc.ro\/#website","url":"https:\/\/conaculsecuiesc.ro\/","name":"Szekler Manor - Sz\u00e9kelyk\u0151 K\u00faria","description":"Szekler Manor - Sz\u00e9kelyk\u0151 K\u00faria Alba Iulia","publisher":{"@id":"https:\/\/conaculsecuiesc.ro\/#organization"},"potentialAction":[{"@type":"SearchAction","target":{"@type":"EntryPoint","urlTemplate":"https:\/\/conaculsecuiesc.ro\/?s={search_term_string}"},"query-input":{"@type":"PropertyValueSpecification","valueRequired":true,"valueName":"search_term_string"}}],"inLanguage":"en-US"},{"@type":"Organization","@id":"https:\/\/conaculsecuiesc.ro\/#organization","name":"Szekler Manor - Sz\u00e9kelyk\u0151 K\u00faria","url":"https:\/\/conaculsecuiesc.ro\/","logo":{"@type":"ImageObject","inLanguage":"en-US","@id":"https:\/\/conaculsecuiesc.ro\/#\/schema\/logo\/image\/","url":"https:\/\/conaculsecuiesc.ro\/wp-content\/uploads\/2024\/10\/logo-conacul-secuiesc_3aq.webp","contentUrl":"https:\/\/conaculsecuiesc.ro\/wp-content\/uploads\/2024\/10\/logo-conacul-secuiesc_3aq.webp","width":200,"height":217,"caption":"Conacul Secuiesc - Sz\u00e9kelyk\u0151\u00a0K\u00faria"},"image":{"@id":"https:\/\/conaculsecuiesc.ro\/#\/schema\/logo\/image\/"},"sameAs":["https:\/\/www.facebook.com\/conaculsecuiesc","https:\/\/www.instagram.com\/conaculsecuiesc\/"]}]}},"_links":{"self":[{"href":"https:\/\/conaculsecuiesc.ro\/en\/wp-json\/wp\/v2\/product\/7716","targetHints":{"allow":["GET"]}}],"collection":[{"href":"https:\/\/conaculsecuiesc.ro\/en\/wp-json\/wp\/v2\/product"}],"about":[{"href":"https:\/\/conaculsecuiesc.ro\/en\/wp-json\/wp\/v2\/types\/product"}],"replies":[{"embeddable":true,"href":"https:\/\/conaculsecuiesc.ro\/en\/wp-json\/wp\/v2\/comments?post=7716"}],"wp:featuredmedia":[{"embeddable":true,"href":"https:\/\/conaculsecuiesc.ro\/en\/wp-json\/wp\/v2\/media\/6075"}],"wp:attachment":[{"href":"https:\/\/conaculsecuiesc.ro\/en\/wp-json\/wp\/v2\/media?parent=7716"}],"wp:term":[{"taxonomy":"product_brand","embeddable":true,"href":"https:\/\/conaculsecuiesc.ro\/en\/wp-json\/wp\/v2\/product_brand?post=7716"},{"taxonomy":"product_cat","embeddable":true,"href":"https:\/\/conaculsecuiesc.ro\/en\/wp-json\/wp\/v2\/product_cat?post=7716"},{"taxonomy":"product_tag","embeddable":true,"href":"https:\/\/conaculsecuiesc.ro\/en\/wp-json\/wp\/v2\/product_tag?post=7716"}],"curies":[{"name":"wp","href":"https:\/\/api.w.org\/{rel}","templated":true}]}}