{"id":7021,"date":"2025-07-28T15:24:17","date_gmt":"2025-07-28T15:24:17","guid":{"rendered":"https:\/\/conaculsecuiesc.ro\/?page_id=7021"},"modified":"2026-03-23T07:40:56","modified_gmt":"2026-03-23T07:40:56","slug":"politica-de-confidentialitate","status":"publish","type":"page","link":"https:\/\/conaculsecuiesc.ro\/hu\/politica-de-confidentialitate\/","title":{"rendered":"Adatv\u00e9delmi ir\u00e1nyelvek"},"content":{"rendered":"<div data-elementor-type=\"wp-post\" data-elementor-id=\"7021\" class=\"elementor elementor-7021\" data-elementor-post-type=\"page\">\n\t\t\t\t<div class=\"elementor-element elementor-element-0ede12b e-flex e-con-boxed e-con e-parent\" data-id=\"0ede12b\" data-element_type=\"container\" data-e-type=\"container\">\n\t\t\t\t\t<div class=\"e-con-inner\">\n\t\t<div class=\"elementor-element elementor-element-a78c6c9 e-con-full e-flex e-con e-child\" data-id=\"a78c6c9\" data-element_type=\"container\" data-e-type=\"container\">\n\t\t\t\t<div class=\"elementor-element elementor-element-0858794 elementor-widget__width-initial elementor-widget elementor-widget-text-editor\" data-id=\"0858794\" data-element_type=\"widget\" data-e-type=\"widget\" data-widget_type=\"text-editor.default\">\n\t\t\t\t<div class=\"elementor-widget-container\">\n\t\t\t\t\t\t\t\t\t<section data-id=\"a072429\" data-element_type=\"section\"><div data-id=\"04fa76e\" data-element_type=\"column\"><div data-id=\"2a09780\" data-element_type=\"widget\" data-widget_type=\"text-editor.default\"><section data-id=\"a072429\" data-element_type=\"section\"><div data-id=\"04fa76e\" data-element_type=\"column\"><div data-id=\"3214ac5\" data-element_type=\"widget\" data-widget_type=\"heading.default\"><header><h1>Adatv\u00e9delmi ir\u00e1nyelvek<\/h1><\/header><div><div data-elementor-type=\"wp-page\" data-elementor-id=\"2\" data-elementor-post-type=\"page\"><div data-id=\"410492f3\" data-element_type=\"container\"><div data-id=\"572387f5\" data-element_type=\"widget\" data-widget_type=\"text-editor.default\"><p>Az al\u00e1bbi inform\u00e1ci\u00f3k a conaculsecuiesc.ro weboldal politik\u00e1j\u00e1ra vonatkoznak a l\u00e1togat\u00f3k \u00e1ltal megadott inform\u00e1ci\u00f3k bizalmas kezel\u00e9s\u00e9hez val\u00f3 joggal kapcsolatban.<\/p><p><b>Postac\u00edm\u00fcnk a k\u00f6vetkez\u0151:<\/b><\/p><p><span style=\"font-family: 'Cambria Ecomw', sans-serif; font-size: 14px;\">Torock\u00f3szentgy\u00f6rgy, Torock\u00f3 k\u00f6zs\u00e9g,  Feh\u00e9r\u00a0megye,\u00a0<\/span><span style=\"font-weight: bolder; font-family: 'Cambria Ecomw', sans-serif; font-size: 14px;\">Rom\u00e1nia<\/span><\/p><p><b style=\"font-style: inherit;\">Telefon:\u00a0<\/b><\/p><p><a href=\"tel:031%20229%209307\"><span class=\"elementor-icon-list-text\">031\u00a0229\u00a09307<\/span><\/a><\/p><p><b>Az \u00e1ltalunk gy\u0171jt\u00f6tt inform\u00e1ci\u00f3k \u00e9s felhaszn\u00e1l\u00e1suk m\u00f3dja<\/b><\/p><ul><li><b>Statisztikai inform\u00e1ci\u00f3k<\/b><br \/>Statisztikai adatokat gy\u0171jt\u00fcnk a weboldalunk oldalain tett l\u00e1togat\u00e1sair\u00f3l. Ezek az inform\u00e1ci\u00f3k seg\u00edtenek nek\u00fcnk abban, hogy jav\u00edthassuk oldalunk tartalm\u00e1t.<\/li><li><strong>conaculsecuiesc.ro tiszteletben tartja az \u00d6n mag\u00e1n\u00e9lethez val\u00f3 jog\u00e1t.<\/strong><\/li><li><strong>18 \u00e9v alatti gyermekek<\/strong> nem adhatnak \u00e1t nek\u00fcnk inform\u00e1ci\u00f3kat sz\u00fcleik vagy t\u00f6rv\u00e9nyes gy\u00e1mjuk beleegyez\u00e9se n\u00e9lk\u00fcl.<\/li><li><b>Az inform\u00e1ci\u00f3 kiszervez\u00e9se:<\/b><br \/>holidayhome.co.uk\u00a0<b>nem hozza nyilv\u00e1noss\u00e1gra<\/b>\u00a0az \u00d6n el\u00e9rhet\u0151s\u00e9gi adatait, vagy nem adjuk ki m\u00e1s v\u00e1llalatnak vagy szervezetnek. Ha megadja nek\u00fcnk a postai c\u00edm\u00e9t, nem fogjuk\u00a0<b>soha<\/b>\u00a0egy m\u00e1sik v\u00e1llalat vagy szervezet sz\u00e1m\u00e1ra ismert.<\/li><\/ul><\/div><\/div><\/div><\/div><\/div><\/div><\/section><\/div><\/div><\/section>\t\t\t\t\t\t\t\t<\/div>\n\t\t\t\t<\/div>\n\t\t\t\t<\/div>\n\t\t\t\t\t<\/div>\n\t\t\t\t<\/div>\n\t\t\t\t<\/div>","protected":false},"excerpt":{"rendered":"<p>Politica de confidentialitate Urmatoarele informatii se refera la politica siteului conaculsecuiesc.ro cu privire la dreptul la confidentialitate al informatiilor oferite de vizitatorii acestui site. Adresa noastra postala este: Sat Col\u021be\u0219ti, Comuna Rimetea,\u00a0Rom\u00e2nia Telefon:\u00a0 031\u00a0229\u00a09307 Informatiile pe care le colectam si cum le folosim Informatii statisticeColectam informatii statistice referitoare la vizitele dvs. in paginile siteului nostru. &#8230;<\/p>","protected":false},"author":4,"featured_media":0,"parent":0,"menu_order":0,"comment_status":"closed","ping_status":"closed","template":"template-wide-content.php","meta":{"cozystay_single_page_hide_site_header":"","cozystay_single_page_site_header_source":"","cozystay_single_page_custom_site_header":"0","cozystay_single_page_custom_sticky_site_header":"0","cozystay_single_page_hide_page_title":"","cozystay_single_page_header_section_size":"","cozystay_single_page_header_background_color":"","cozystay_single_page_header_background_position_x":"center","cozystay_single_page_header_background_position_y":"center","cozystay_single_page_header_background_size":"cover","cozystay_single_page_header_background_repeat":"off","cozystay_single_page_header_background_scroll":"on","cozystay_single_page_header_text_color":"","cozystay_single_page_header_show_breadcrumb":"","cozystay_single_page_site_footer_hide_main":"","cozystay_single_custom_site_footer_main_source":"","cozystay_single_custom_site_footer_main":"0","cozystay_single_page_site_footer_hide_above":"","cozystay_single_custom_site_footer_above_source":"","cozystay_single_custom_site_footer_above":"0","cozystay_single_page_site_footer_hide_instagram":"","cozystay_single_page_site_footer_hide_bottom":"","cozystay_single_custom_mobile_menu_source":"","cozystay_single_custom_mobile_menu":"0","cozystay_single_custom_mobile_menu_animation":"","cozystay_single_custom_mobile_menu_width":"","cozystay_single_custom_mobile_menu_custom_width":375,"footnotes":""},"class_list":["post-7021","page","type-page","status-publish","hentry"],"yoast_head":"<!-- This site is optimized with the Yoast SEO plugin v27.5 - https:\/\/yoast.com\/product\/yoast-seo-wordpress\/ -->\n<title>Politica de Confiden\u021bialitate - Conacul Secuiesc - Sz\u00e9kelyk\u0151\u00a0K\u00faria<\/title>\n<meta name=\"robots\" content=\"index, follow, max-snippet:-1, max-image-preview:large, max-video-preview:-1\" \/>\n<link rel=\"canonical\" href=\"https:\/\/conaculsecuiesc.ro\/hu\/politica-de-confidentialitate\/\" \/>\n<meta property=\"og:locale\" content=\"hu_HU\" \/>\n<meta property=\"og:type\" content=\"article\" \/>\n<meta property=\"og:title\" content=\"Politica de Confiden\u021bialitate - Conacul Secuiesc - Sz\u00e9kelyk\u0151\u00a0K\u00faria\" \/>\n<meta property=\"og:description\" content=\"Politica de confidentialitate Urmatoarele informatii se refera la politica siteului conaculsecuiesc.ro cu privire la dreptul la confidentialitate al informatiilor oferite de vizitatorii acestui site. Adresa noastra postala este: Sat Col\u021be\u0219ti, Comuna Rimetea,\u00a0Rom\u00e2nia Telefon:\u00a0 031\u00a0229\u00a09307 Informatiile pe care le colectam si cum le folosim Informatii statisticeColectam informatii statistice referitoare la vizitele dvs. in paginile siteului nostru. ...\" \/>\n<meta property=\"og:url\" content=\"https:\/\/conaculsecuiesc.ro\/hu\/politica-de-confidentialitate\/\" \/>\n<meta property=\"og:site_name\" content=\"Conacul Secuiesc - Sz\u00e9kelyk\u0151\u00a0K\u00faria\" \/>\n<meta property=\"article:publisher\" content=\"https:\/\/www.facebook.com\/conaculsecuiesc\" \/>\n<meta property=\"article:modified_time\" content=\"2026-03-23T07:40:56+00:00\" \/>\n<meta name=\"twitter:card\" content=\"summary_large_image\" \/>\n<meta name=\"twitter:label1\" content=\"Becs\u00fclt olvas\u00e1si id\u0151\" \/>\n\t<meta name=\"twitter:data1\" content=\"1 perc\" \/>\n<script type=\"application\/ld+json\" class=\"yoast-schema-graph\">{\"@context\":\"https:\\\/\\\/schema.org\",\"@graph\":[{\"@type\":\"NewsArticle\",\"@id\":\"https:\\\/\\\/conaculsecuiesc.ro\\\/politica-de-confidentialitate\\\/#article\",\"isPartOf\":{\"@id\":\"https:\\\/\\\/conaculsecuiesc.ro\\\/politica-de-confidentialitate\\\/\"},\"author\":{\"name\":\"Conac\",\"@id\":\"https:\\\/\\\/conaculsecuiesc.ro\\\/#\\\/schema\\\/person\\\/095f60a59372978f1d4bc98cb18c58ed\"},\"headline\":\"Politica de Confiden\u021bialitate\",\"datePublished\":\"2025-07-28T15:24:17+00:00\",\"dateModified\":\"2026-03-23T07:40:56+00:00\",\"mainEntityOfPage\":{\"@id\":\"https:\\\/\\\/conaculsecuiesc.ro\\\/politica-de-confidentialitate\\\/\"},\"wordCount\":134,\"publisher\":{\"@id\":\"https:\\\/\\\/conaculsecuiesc.ro\\\/#organization\"},\"inLanguage\":\"hu\"},{\"@type\":\"WebPage\",\"@id\":\"https:\\\/\\\/conaculsecuiesc.ro\\\/politica-de-confidentialitate\\\/\",\"url\":\"https:\\\/\\\/conaculsecuiesc.ro\\\/politica-de-confidentialitate\\\/\",\"name\":\"Politica de Confiden\u021bialitate - Conacul Secuiesc - Sz\u00e9kelyk\u0151\u00a0K\u00faria\",\"isPartOf\":{\"@id\":\"https:\\\/\\\/conaculsecuiesc.ro\\\/#website\"},\"datePublished\":\"2025-07-28T15:24:17+00:00\",\"dateModified\":\"2026-03-23T07:40:56+00:00\",\"breadcrumb\":{\"@id\":\"https:\\\/\\\/conaculsecuiesc.ro\\\/politica-de-confidentialitate\\\/#breadcrumb\"},\"inLanguage\":\"hu\",\"potentialAction\":[{\"@type\":\"ReadAction\",\"target\":[\"https:\\\/\\\/conaculsecuiesc.ro\\\/politica-de-confidentialitate\\\/\"]}]},{\"@type\":\"BreadcrumbList\",\"@id\":\"https:\\\/\\\/conaculsecuiesc.ro\\\/politica-de-confidentialitate\\\/#breadcrumb\",\"itemListElement\":[{\"@type\":\"ListItem\",\"position\":1,\"name\":\"Home\",\"item\":\"https:\\\/\\\/conaculsecuiesc.ro\\\/\"},{\"@type\":\"ListItem\",\"position\":2,\"name\":\"Politica de Confiden\u021bialitate\"}]},{\"@type\":\"WebSite\",\"@id\":\"https:\\\/\\\/conaculsecuiesc.ro\\\/#website\",\"url\":\"https:\\\/\\\/conaculsecuiesc.ro\\\/\",\"name\":\"Conacul Secuiesc - Sz\u00e9kelyk\u0151\u00a0K\u00faria\",\"description\":\"Conacul Secuiesc - Sz\u00e9kelyk\u0151\u00a0K\u00faria Alba Iulia\",\"publisher\":{\"@id\":\"https:\\\/\\\/conaculsecuiesc.ro\\\/#organization\"},\"potentialAction\":[{\"@type\":\"SearchAction\",\"target\":{\"@type\":\"EntryPoint\",\"urlTemplate\":\"https:\\\/\\\/conaculsecuiesc.ro\\\/?s={search_term_string}\"},\"query-input\":{\"@type\":\"PropertyValueSpecification\",\"valueRequired\":true,\"valueName\":\"search_term_string\"}}],\"inLanguage\":\"hu\"},{\"@type\":\"Organization\",\"@id\":\"https:\\\/\\\/conaculsecuiesc.ro\\\/#organization\",\"name\":\"Conacul Secuiesc - Sz\u00e9kelyk\u0151\u00a0K\u00faria\",\"url\":\"https:\\\/\\\/conaculsecuiesc.ro\\\/\",\"logo\":{\"@type\":\"ImageObject\",\"inLanguage\":\"hu\",\"@id\":\"https:\\\/\\\/conaculsecuiesc.ro\\\/#\\\/schema\\\/logo\\\/image\\\/\",\"url\":\"https:\\\/\\\/conaculsecuiesc.ro\\\/wp-content\\\/uploads\\\/2024\\\/10\\\/logo-conacul-secuiesc_3aq.webp\",\"contentUrl\":\"https:\\\/\\\/conaculsecuiesc.ro\\\/wp-content\\\/uploads\\\/2024\\\/10\\\/logo-conacul-secuiesc_3aq.webp\",\"width\":200,\"height\":217,\"caption\":\"Conacul Secuiesc - Sz\u00e9kelyk\u0151\u00a0K\u00faria\"},\"image\":{\"@id\":\"https:\\\/\\\/conaculsecuiesc.ro\\\/#\\\/schema\\\/logo\\\/image\\\/\"},\"sameAs\":[\"https:\\\/\\\/www.facebook.com\\\/conaculsecuiesc\",\"https:\\\/\\\/www.instagram.com\\\/conaculsecuiesc\\\/\"]},{\"@type\":\"Person\",\"@id\":\"https:\\\/\\\/conaculsecuiesc.ro\\\/#\\\/schema\\\/person\\\/095f60a59372978f1d4bc98cb18c58ed\",\"name\":\"Conac\",\"image\":{\"@type\":\"ImageObject\",\"inLanguage\":\"hu\",\"@id\":\"https:\\\/\\\/secure.gravatar.com\\\/avatar\\\/e7e8749bfae50b98e855fa8735534c4ae8fc4c1ada26e3c5996c0d039d7dc3df?s=96&d=mm&r=g\",\"url\":\"https:\\\/\\\/secure.gravatar.com\\\/avatar\\\/e7e8749bfae50b98e855fa8735534c4ae8fc4c1ada26e3c5996c0d039d7dc3df?s=96&d=mm&r=g\",\"contentUrl\":\"https:\\\/\\\/secure.gravatar.com\\\/avatar\\\/e7e8749bfae50b98e855fa8735534c4ae8fc4c1ada26e3c5996c0d039d7dc3df?s=96&d=mm&r=g\",\"caption\":\"Conac\"},\"url\":\"https:\\\/\\\/conaculsecuiesc.ro\\\/hu\\\/author\\\/conac\\\/\"}]}<\/script>\n<!-- \/ Yoast SEO plugin. -->","yoast_head_json":{"title":"Politica de Confiden\u021bialitate - Conacul Secuiesc - Sz\u00e9kelyk\u0151\u00a0K\u00faria","robots":{"index":"index","follow":"follow","max-snippet":"max-snippet:-1","max-image-preview":"max-image-preview:large","max-video-preview":"max-video-preview:-1"},"canonical":"https:\/\/conaculsecuiesc.ro\/hu\/politica-de-confidentialitate\/","og_locale":"hu_HU","og_type":"article","og_title":"Politica de Confiden\u021bialitate - Conacul Secuiesc - Sz\u00e9kelyk\u0151\u00a0K\u00faria","og_description":"Politica de confidentialitate Urmatoarele informatii se refera la politica siteului conaculsecuiesc.ro cu privire la dreptul la confidentialitate al informatiilor oferite de vizitatorii acestui site. Adresa noastra postala este: Sat Col\u021be\u0219ti, Comuna Rimetea,\u00a0Rom\u00e2nia Telefon:\u00a0 031\u00a0229\u00a09307 Informatiile pe care le colectam si cum le folosim Informatii statisticeColectam informatii statistice referitoare la vizitele dvs. in paginile siteului nostru. ...","og_url":"https:\/\/conaculsecuiesc.ro\/hu\/politica-de-confidentialitate\/","og_site_name":"Conacul Secuiesc - Sz\u00e9kelyk\u0151\u00a0K\u00faria","article_publisher":"https:\/\/www.facebook.com\/conaculsecuiesc","article_modified_time":"2026-03-23T07:40:56+00:00","twitter_card":"summary_large_image","twitter_misc":{"Becs\u00fclt olvas\u00e1si id\u0151":"1 perc"},"schema":{"@context":"https:\/\/schema.org","@graph":[{"@type":"NewsArticle","@id":"https:\/\/conaculsecuiesc.ro\/politica-de-confidentialitate\/#article","isPartOf":{"@id":"https:\/\/conaculsecuiesc.ro\/politica-de-confidentialitate\/"},"author":{"name":"Conac","@id":"https:\/\/conaculsecuiesc.ro\/#\/schema\/person\/095f60a59372978f1d4bc98cb18c58ed"},"headline":"Politica de Confiden\u021bialitate","datePublished":"2025-07-28T15:24:17+00:00","dateModified":"2026-03-23T07:40:56+00:00","mainEntityOfPage":{"@id":"https:\/\/conaculsecuiesc.ro\/politica-de-confidentialitate\/"},"wordCount":134,"publisher":{"@id":"https:\/\/conaculsecuiesc.ro\/#organization"},"inLanguage":"hu"},{"@type":"WebPage","@id":"https:\/\/conaculsecuiesc.ro\/politica-de-confidentialitate\/","url":"https:\/\/conaculsecuiesc.ro\/politica-de-confidentialitate\/","name":"Politica de Confiden\u021bialitate - Conacul Secuiesc - Sz\u00e9kelyk\u0151\u00a0K\u00faria","isPartOf":{"@id":"https:\/\/conaculsecuiesc.ro\/#website"},"datePublished":"2025-07-28T15:24:17+00:00","dateModified":"2026-03-23T07:40:56+00:00","breadcrumb":{"@id":"https:\/\/conaculsecuiesc.ro\/politica-de-confidentialitate\/#breadcrumb"},"inLanguage":"hu","potentialAction":[{"@type":"ReadAction","target":["https:\/\/conaculsecuiesc.ro\/politica-de-confidentialitate\/"]}]},{"@type":"BreadcrumbList","@id":"https:\/\/conaculsecuiesc.ro\/politica-de-confidentialitate\/#breadcrumb","itemListElement":[{"@type":"ListItem","position":1,"name":"Home","item":"https:\/\/conaculsecuiesc.ro\/"},{"@type":"ListItem","position":2,"name":"Politica de Confiden\u021bialitate"}]},{"@type":"WebSite","@id":"https:\/\/conaculsecuiesc.ro\/#website","url":"https:\/\/conaculsecuiesc.ro\/","name":"Sz\u00e9kelyudvarhely - Sz\u00e9kelyk\u0151 K\u00faria","description":"Sz\u00e9kelyudvarhely - Sz\u00e9kelyk\u0151 K\u00faria Alba Iulia","publisher":{"@id":"https:\/\/conaculsecuiesc.ro\/#organization"},"potentialAction":[{"@type":"SearchAction","target":{"@type":"EntryPoint","urlTemplate":"https:\/\/conaculsecuiesc.ro\/?s={search_term_string}"},"query-input":{"@type":"PropertyValueSpecification","valueRequired":true,"valueName":"search_term_string"}}],"inLanguage":"hu"},{"@type":"Organization","@id":"https:\/\/conaculsecuiesc.ro\/#organization","name":"Sz\u00e9kelyudvarhely - Sz\u00e9kelyk\u0151 K\u00faria","url":"https:\/\/conaculsecuiesc.ro\/","logo":{"@type":"ImageObject","inLanguage":"hu","@id":"https:\/\/conaculsecuiesc.ro\/#\/schema\/logo\/image\/","url":"https:\/\/conaculsecuiesc.ro\/wp-content\/uploads\/2024\/10\/logo-conacul-secuiesc_3aq.webp","contentUrl":"https:\/\/conaculsecuiesc.ro\/wp-content\/uploads\/2024\/10\/logo-conacul-secuiesc_3aq.webp","width":200,"height":217,"caption":"Conacul Secuiesc - Sz\u00e9kelyk\u0151\u00a0K\u00faria"},"image":{"@id":"https:\/\/conaculsecuiesc.ro\/#\/schema\/logo\/image\/"},"sameAs":["https:\/\/www.facebook.com\/conaculsecuiesc","https:\/\/www.instagram.com\/conaculsecuiesc\/"]},{"@type":"Person","@id":"https:\/\/conaculsecuiesc.ro\/#\/schema\/person\/095f60a59372978f1d4bc98cb18c58ed","name":"Conac","image":{"@type":"ImageObject","inLanguage":"hu","@id":"https:\/\/secure.gravatar.com\/avatar\/e7e8749bfae50b98e855fa8735534c4ae8fc4c1ada26e3c5996c0d039d7dc3df?s=96&d=mm&r=g","url":"https:\/\/secure.gravatar.com\/avatar\/e7e8749bfae50b98e855fa8735534c4ae8fc4c1ada26e3c5996c0d039d7dc3df?s=96&d=mm&r=g","contentUrl":"https:\/\/secure.gravatar.com\/avatar\/e7e8749bfae50b98e855fa8735534c4ae8fc4c1ada26e3c5996c0d039d7dc3df?s=96&d=mm&r=g","caption":"Conac"},"url":"https:\/\/conaculsecuiesc.ro\/hu\/author\/conac\/"}]}},"_links":{"self":[{"href":"https:\/\/conaculsecuiesc.ro\/hu\/wp-json\/wp\/v2\/pages\/7021","targetHints":{"allow":["GET"]}}],"collection":[{"href":"https:\/\/conaculsecuiesc.ro\/hu\/wp-json\/wp\/v2\/pages"}],"about":[{"href":"https:\/\/conaculsecuiesc.ro\/hu\/wp-json\/wp\/v2\/types\/page"}],"author":[{"embeddable":true,"href":"https:\/\/conaculsecuiesc.ro\/hu\/wp-json\/wp\/v2\/users\/4"}],"replies":[{"embeddable":true,"href":"https:\/\/conaculsecuiesc.ro\/hu\/wp-json\/wp\/v2\/comments?post=7021"}],"version-history":[{"count":7,"href":"https:\/\/conaculsecuiesc.ro\/hu\/wp-json\/wp\/v2\/pages\/7021\/revisions"}],"predecessor-version":[{"id":10427,"href":"https:\/\/conaculsecuiesc.ro\/hu\/wp-json\/wp\/v2\/pages\/7021\/revisions\/10427"}],"wp:attachment":[{"href":"https:\/\/conaculsecuiesc.ro\/hu\/wp-json\/wp\/v2\/media?parent=7021"}],"curies":[{"name":"wp","href":"https:\/\/api.w.org\/{rel}","templated":true}]}}