{"id":9788,"date":"2026-02-15T21:59:53","date_gmt":"2026-02-15T21:59:53","guid":{"rendered":"https:\/\/conaculsecuiesc.ro\/?page_id=9788"},"modified":"2026-04-16T20:45:34","modified_gmt":"2026-04-16T20:45:34","slug":"botez-de-poveste-la-conac","status":"publish","type":"page","link":"https:\/\/conaculsecuiesc.ro\/hu\/botez-de-poveste-la-conac\/","title":{"rendered":"Mes\u00e9s keresztel\u0151 a Conacban"},"content":{"rendered":"<div data-elementor-type=\"wp-page\" data-elementor-id=\"9788\" class=\"elementor elementor-9788\" data-elementor-post-type=\"page\">\n\t\t\t\t\t\t<section class=\"elementor-section elementor-top-section elementor-element elementor-element-fcb61a4 elementor-section-height-min-height cs-section-content-fullwidth cs-parallax-on-scroll cs_scroll_y_80 elementor-section-boxed elementor-section-height-default elementor-section-items-middle\" data-id=\"fcb61a4\" data-element_type=\"section\" data-e-type=\"section\" data-settings=\"{&quot;background_background&quot;:&quot;classic&quot;}\" data-cs-parallax-y=\"80\" style=\"background-image: none;\" data-cs-background-image=\"https:\/\/conaculsecuiesc.ro\/wp-content\/uploads\/2025\/03\/IMG-20250318-WA0029-scaled-e1776372324729.jpg\" data-cs-background-image-alt-text=\"\">\n\t\t\t\t\t\t\t<div class=\"elementor-background-overlay\"><\/div>\n\t\t\t\t\t\t\t<div class=\"elementor-container elementor-column-gap-no\">\n\t\t\t\t\t<div class=\"elementor-column elementor-col-100 elementor-top-column elementor-element elementor-element-52bbb3b dark-color\" data-id=\"52bbb3b\" data-element_type=\"column\" data-e-type=\"column\">\n\t\t\t<div class=\"elementor-widget-wrap\">\n\t\t\t\t\t\t\t<\/div>\n\t\t<\/div>\n\t\t\t\t\t<\/div>\n\t\t<\/section>\n\t\t\t\t<section class=\"elementor-section elementor-top-section elementor-element elementor-element-506c54dd cs-section-content-fullwidth elementor-section-boxed elementor-section-height-default elementor-section-height-default\" data-id=\"506c54dd\" data-element_type=\"section\" data-e-type=\"section\">\n\t\t\t\t\t\t<div class=\"elementor-container elementor-column-gap-no\">\n\t\t\t\t\t<div class=\"elementor-column elementor-col-100 elementor-top-column elementor-element elementor-element-52676167\" data-id=\"52676167\" data-element_type=\"column\" data-e-type=\"column\">\n\t\t\t<div class=\"elementor-widget-wrap elementor-element-populated\">\n\t\t\t\t\t\t<div class=\"elementor-element elementor-element-5157fbfc elementor-widget elementor-widget-cs_title\" data-id=\"5157fbfc\" data-element_type=\"widget\" data-e-type=\"widget\" data-widget_type=\"cs_title.default\">\n\t\t\t\t<div class=\"elementor-widget-container\">\n\t\t\t\t\t\n        <div class=\"cs-title-wrap text-center\">\t            <div class=\"cs-subtitle-wrap\"><span class=\"cs-subtitle\">Mes\u00e9be ill\u0151 keresztel\u0151 a Sz\u00e9kelyk\u0151 K\u00fari\u00e1ban<\/span><\/div>\t            <h3 class=\"cs-title\">\n\t                Mi\u00e9rt v\u00e1laszd a Sz\u00e9kelyk\u0151 K\u00fari\u00e1t?\n\n\t            <\/h3>\t            <div class=\"cs-title-text\">\n\t                <p>A Sz\u00e9kelyk\u0151 K\u00fari\u00e1ban meghitt, term\u00e9szetk\u00f6zeli k\u00f6rnyezetben \u00fcnnepelhetitek meg kisbab\u00e1tok keresztel\u0151j\u00e9t. A hagyom\u00e1nyos hangulat, a nyugodt t\u00e1j \u00e9s a gondos figyelem egy\u00fctt teremtenek sz\u00e9p, eml\u00e9kezetes pillanatokat a csal\u00e1d sz\u00e1m\u00e1ra.<\/p>\t            <\/div>        <\/div>\t\t\t\t<\/div>\n\t\t\t\t<\/div>\n\t\t\t\t<div class=\"elementor-element elementor-element-734894aa elementor-widget elementor-widget-cs_info_box\" data-id=\"734894aa\" data-element_type=\"widget\" data-e-type=\"widget\" data-widget_type=\"cs_info_box.default\">\n\t\t\t\t<div class=\"elementor-widget-container\">\n\t\t\t\t\t\n\t\t\t<div class=\"cs-info-box column-2 valign-top img-left\">\n                <div class=\"cs-info-box-wrap\">                    <div class=\"cs-info-box-item elementor-repeater-item-cccff81\">\n                    \t<div class=\"cs-item-container\">\t                        <div class=\"cs-info-box-img\"><svg aria-hidden=\"true\" class=\"e-font-icon-svg e-far-star\" viewbox=\"0 0 576 512\" xmlns=\"http:\/\/www.w3.org\/2000\/svg\"><path d=\"M528.1 171.5L382 150.2 316.7 17.8c-11.7-23.6-45.6-23.9-57.4 0L194 150.2 47.9 171.5c-26.2 3.8-36.7 36.1-17.7 54.6l105.7 103-25 145.5c-4.5 26.3 23.2 46 46.4 33.7L288 439.6l130.7 68.7c23.2 12.2 50.9-7.4 46.4-33.7l-25-145.5 105.7-103c19-18.5 8.5-50.8-17.7-54.6zM388.6 312.3l23.7 138.4L288 385.4l-124.3 65.3 23.7-138.4-100.6-98 139-20.2 62.2-126 62.2 126 139 20.2-100.6 98z\"><\/path><\/svg>\t                        <\/div>\t                        <div class=\"cs-info-box-content\">\n\t                            <h5 class=\"cs-title cs-info-box-title\">A hagyom\u00e1nyos hangulat var\u00e1zsa\t\t\t\t\t\t\t\t<\/h5>\t                            \t<div class=\"cs-info-box-text\"><p>Hagyom\u00e1nyos k\u00f6rnyezet v\u00e1r, amely a r\u00e9gi id\u0151k vil\u00e1g\u00e1t id\u00e9zi. K\u00f3stold meg az otthonos \u00edzeket, \u00e9s \u00e9lvezd a meghitt pillanatokat szeretteid k\u00f6r\u00e9ben.<\/p><\/div>\t                        <\/div>\t                    <\/div>\n                    <\/div>                    <div class=\"cs-info-box-item elementor-repeater-item-6c33aa7\">\n                    \t<div class=\"cs-item-container\">\t                        <div class=\"cs-info-box-img\"><svg aria-hidden=\"true\" class=\"e-font-icon-svg e-far-smile\" viewbox=\"0 0 496 512\" xmlns=\"http:\/\/www.w3.org\/2000\/svg\"><path d=\"M248 8C111 8 0 119 0 256s111 248 248 248 248-111 248-248S385 8 248 8zm0 448c-110.3 0-200-89.7-200-200S137.7 56 248 56s200 89.7 200 200-89.7 200-200 200zm-80-216c17.7 0 32-14.3 32-32s-14.3-32-32-32-32 14.3-32 32 14.3 32 32 32zm160 0c17.7 0 32-14.3 32-32s-14.3-32-32-32-32 14.3-32 32 14.3 32 32 32zm4 72.6c-20.8 25-51.5 39.4-84 39.4s-63.2-14.3-84-39.4c-8.5-10.2-23.7-11.5-33.8-3.1-10.2 8.5-11.5 23.6-3.1 33.8 30 36 74.1 56.6 120.9 56.6s90.9-20.6 120.9-56.6c8.5-10.2 7.1-25.3-3.1-33.8-10.1-8.4-25.3-7.1-33.8 3.1z\"><\/path><\/svg>\t                        <\/div>\t                        <div class=\"cs-info-box-content\">\n\t                            <h5 class=\"cs-title cs-info-box-title\">\u00d6r\u00f6m a kicsiknek\t\t\t\t\t\t\t\t<\/h5>\t                            \t<div class=\"cs-info-box-text\"><p>A gyermekeket sz\u00e1mukra kialak\u00edtott j\u00e1tsz\u00f3t\u00e9r v\u00e1rja, ahol vid\u00e1man t\u00f6lthetik az id\u0151t. A megh\u00edvottak pedig  a hely var\u00e1zs\u00e1t tov\u00e1bb \u00e9lvezve megsz\u00e1llhatnak k\u00e9zzel festett b\u00fatorokkal berendezett szob\u00e1inkban, amelyek a r\u00e9gi id\u0151k hangulat\u00e1t id\u00e9zik, k\u00e9nyelmes pihen\u00e9st k\u00edn\u00e1lva.<\/p><\/div>\t                        <\/div>\t                    <\/div>\n                    <\/div>                    <div class=\"cs-info-box-item elementor-repeater-item-0a01fb1\">\n                    \t<div class=\"cs-item-container\">\t                        <div class=\"cs-info-box-img\"><svg aria-hidden=\"true\" class=\"e-font-icon-svg e-far-heart\" viewbox=\"0 0 512 512\" xmlns=\"http:\/\/www.w3.org\/2000\/svg\"><path d=\"M458.4 64.3C400.6 15.7 311.3 23 256 79.3 200.7 23 111.4 15.6 53.6 64.3-21.6 127.6-10.6 230.8 43 285.5l175.4 178.7c10 10.2 23.4 15.9 37.6 15.9 14.3 0 27.6-5.6 37.6-15.8L469 285.6c53.5-54.7 64.7-157.9-10.6-221.3zm-23.6 187.5L259.4 430.5c-2.4 2.4-4.4 2.4-6.8 0L77.2 251.8c-36.5-37.2-43.9-107.6 7.3-150.7 38.9-32.7 98.9-27.8 136.5 10.5l35 35.7 35-35.7c37.8-38.5 97.8-43.2 136.5-10.6 51.1 43.1 43.5 113.9 7.3 150.8z\"><\/path><\/svg>\t                        <\/div>\t                        <div class=\"cs-info-box-content\">\n\t                            <h5 class=\"cs-title cs-info-box-title\">Maradand\u00f3 eml\u00e9k\t\t\t\t\t\t\t\t<\/h5>\t                            \t<div class=\"cs-info-box-text\"><p>A Sz\u00e9kelyk\u0151 K\u00fari\u00e1ban minden keresztel\u0151 k\u00fcl\u00f6n t\u00f6rt\u00e9nett\u00e9 v\u00e1lik \u2014 egy felejthetetlen \u00fcnnepp\u00e9, ahol a hagyom\u00e1ny, a nyugalom \u00e9s az \u00f6r\u00f6m term\u00e9szetes harm\u00f3ni\u00e1ban tal\u00e1lkozik. \u00dcnnepeld vel\u00fcnk ezt a sz\u00e9p alkalmat, \u00e9s tedd igaz\u00e1n maradand\u00f3 eml\u00e9kk\u00e9.<\/p><\/div>\t                        <\/div>\t                    <\/div>\n                    <\/div>                    <div class=\"cs-info-box-item elementor-repeater-item-bb40a8b\">\n                    \t<div class=\"cs-item-container\">\t                        <div class=\"cs-info-box-img\"><svg aria-hidden=\"true\" class=\"e-font-icon-svg e-far-moon\" viewbox=\"0 0 512 512\" xmlns=\"http:\/\/www.w3.org\/2000\/svg\"><path d=\"M279.135 512c78.756 0 150.982-35.804 198.844-94.775 28.27-34.831-2.558-85.722-46.249-77.401-82.348 15.683-158.272-47.268-158.272-130.792 0-48.424 26.06-92.292 67.434-115.836 38.745-22.05 28.999-80.788-15.022-88.919A257.936 257.936 0 0 0 279.135 0c-141.36 0-256 114.575-256 256 0 141.36 114.576 256 256 256zm0-464c12.985 0 25.689 1.201 38.016 3.478-54.76 31.163-91.693 90.042-91.693 157.554 0 113.848 103.641 199.2 215.252 177.944C402.574 433.964 344.366 464 279.135 464c-114.875 0-208-93.125-208-208s93.125-208 208-208z\"><\/path><\/svg>\t                        <\/div>\t                        <div class=\"cs-info-box-content\">\n\t                            <h5 class=\"cs-title cs-info-box-title\">Ahol a hagyom\u00e1ny \u00e9letre kel\t\t\t\t\t\t\t\t<\/h5>\t                            \t<div class=\"cs-info-box-text\"><p>Egy hely, ahol a meghitt hangulat, a hagyom\u00e1nyos d\u00edsz\u00edt\u00e9s \u00e9s az ismer\u0151s \u00edzek olyan \u00e9lm\u00e9nyt teremtenek, amely k\u00f6zelebb visz a gy\u00f6kerekhez \u00e9s a k\u00f6z\u00f6sen meg\u00e9lt pillanatok \u00f6r\u00f6m\u00e9hez.<\/p><\/div>\t                        <\/div>\t                    <\/div>\n                    <\/div>\t\t\t\t<\/div>\n\t\t\t<\/div>\t\t\t\t<\/div>\n\t\t\t\t<\/div>\n\t\t\t\t\t<\/div>\n\t\t<\/div>\n\t\t\t\t\t<\/div>\n\t\t<\/section>\n\t\t\t\t<section class=\"elementor-section elementor-top-section elementor-element elementor-element-66af0a69 elementor-section-full_width elementor-section-height-default elementor-section-height-default\" data-id=\"66af0a69\" data-element_type=\"section\" data-e-type=\"section\">\n\t\t\t\t\t\t<div class=\"elementor-container elementor-column-gap-no\">\n\t\t\t\t\t<div class=\"elementor-column elementor-col-100 elementor-top-column elementor-element elementor-element-19860c0c\" data-id=\"19860c0c\" data-element_type=\"column\" data-e-type=\"column\">\n\t\t\t<div class=\"elementor-widget-wrap elementor-element-populated\">\n\t\t\t\t\t\t<div class=\"elementor-element elementor-element-5af1c6bf elementor-widget elementor-widget-cs_instagram\" data-id=\"5af1c6bf\" data-element_type=\"widget\" data-e-type=\"widget\" data-widget_type=\"cs_instagram.default\">\n\t\t\t\t<div class=\"elementor-widget-container\">\n\t\t\t\t\t\n        <div class=\"cs-instagram column-mosaic mosaic-2\">\t                <ul>\t                        <li><div class=\"feed-bg\" style=\"background-image:url(https:\/\/conaculsecuiesc.ro\/wp-content\/uploads\/2025\/03\/IMG-20250318-WA0032.jpg);\"><\/div><\/li>\t                        <li><div class=\"feed-bg\" style=\"background-image:url(https:\/\/conaculsecuiesc.ro\/wp-content\/uploads\/2025\/03\/IMG-20250318-WA0031-scaled.jpg);\"><\/div><\/li>\t                        <li><div class=\"feed-bg\" style=\"background-image:url(https:\/\/conaculsecuiesc.ro\/wp-content\/uploads\/2025\/03\/IMG-20250318-WA0030-scaled.jpg);\"><\/div><\/li>\t                        <li><div class=\"feed-bg\" style=\"background-image:url(https:\/\/conaculsecuiesc.ro\/wp-content\/uploads\/2025\/03\/IMG-20250318-WA0029-scaled-e1776372324729-600x318.jpg);\"><\/div><\/li>\t                        <li><div class=\"feed-bg\" style=\"background-image:url(https:\/\/conaculsecuiesc.ro\/wp-content\/uploads\/2025\/03\/IMG-20250318-WA0028-scaled.jpg);\"><\/div><\/li>\t                        <li><div class=\"feed-bg\" style=\"background-image:url(https:\/\/conaculsecuiesc.ro\/wp-content\/uploads\/2025\/03\/IMG-20250318-WA0061-scaled.jpg);\"><\/div><\/li>\t                        <li><div class=\"feed-bg\" style=\"background-image:url(https:\/\/conaculsecuiesc.ro\/wp-content\/uploads\/2025\/03\/IMG-20250318-WA0060-scaled.jpg);\"><\/div><\/li>\t                <\/ul>        <\/div>\t\t\t\t<\/div>\n\t\t\t\t<\/div>\n\t\t\t\t<div class=\"elementor-element elementor-element-85eaf3d elementor-align-center elementor-widget elementor-widget-cs_button\" data-id=\"85eaf3d\" data-element_type=\"widget\" data-e-type=\"widget\" data-widget_type=\"cs_button.default\">\n\t\t\t\t<div class=\"elementor-widget-container\">\n\t\t\t\t\t        <a href=\"https:\/\/conaculsecuiesc.ro\/hu\/calcule-estimative-meniu-eveniment\/\" class=\"elementor-button-link button cs-btn-color-secondary\" role=\"button\">\n            <span class=\"cs-btn-text\">Esem\u00e9nymen\u00fc \u2013 \u00e1rkalkul\u00e1ci\u00f3<\/span>        <\/a>\t\t\t\t<\/div>\n\t\t\t\t<\/div>\n\t\t\t\t<div class=\"elementor-element elementor-element-7ad392d elementor-widget elementor-widget-spacer\" data-id=\"7ad392d\" data-element_type=\"widget\" data-e-type=\"widget\" data-widget_type=\"spacer.default\">\n\t\t\t\t<div class=\"elementor-widget-container\">\n\t\t\t\t\t\t\t<div class=\"elementor-spacer\">\n\t\t\t<div class=\"elementor-spacer-inner\"><\/div>\n\t\t<\/div>\n\t\t\t\t\t\t<\/div>\n\t\t\t\t<\/div>\n\t\t\t\t\t<\/div>\n\t\t<\/div>\n\t\t\t\t\t<\/div>\n\t\t<\/section>\n\t\t\t\t<\/div>","protected":false},"excerpt":{"rendered":"<p>Botez de poveste la Conacul Secuiesc\u200b De ce s\u0103 alegi Conacul Secuiesc? La Conacul Secuiesc, v\u0103 invit\u0103m s\u0103 s\u0103rb\u0103tori\u021bi botezul micu\u021bului dumneavoastr\u0103 \u00eentr-un col\u021b de rai, unde tradi\u021bia se \u00eemplete\u0219te cu magia naturii. Aici, \u00een inima unui peisaj de poveste, aproape de origini, fiecare detaliu poart\u0103 amprenta unei lumi autentice, pline de farmec. Magia unei &#8230;<\/p>","protected":false},"author":4,"featured_media":0,"parent":0,"menu_order":0,"comment_status":"closed","ping_status":"closed","template":"template-wide-content.php","meta":{"cozystay_single_page_hide_site_header":"","cozystay_single_page_site_header_source":"","cozystay_single_page_custom_site_header":"0","cozystay_single_page_custom_sticky_site_header":"0","cozystay_single_page_hide_page_title":"on","cozystay_single_page_header_section_size":"","cozystay_single_page_header_background_color":"","cozystay_single_page_header_background_position_x":"center","cozystay_single_page_header_background_position_y":"center","cozystay_single_page_header_background_size":"cover","cozystay_single_page_header_background_repeat":"off","cozystay_single_page_header_background_scroll":"on","cozystay_single_page_header_text_color":"","cozystay_single_page_header_show_breadcrumb":"","cozystay_single_page_site_footer_hide_main":"","cozystay_single_custom_site_footer_main_source":"","cozystay_single_custom_site_footer_main":"0","cozystay_single_page_site_footer_hide_above":"","cozystay_single_custom_site_footer_above_source":"","cozystay_single_custom_site_footer_above":"0","cozystay_single_page_site_footer_hide_instagram":"","cozystay_single_page_site_footer_hide_bottom":"","cozystay_single_custom_mobile_menu_source":"","cozystay_single_custom_mobile_menu":"0","cozystay_single_custom_mobile_menu_animation":"","cozystay_single_custom_mobile_menu_width":"","cozystay_single_custom_mobile_menu_custom_width":375,"footnotes":""},"class_list":["post-9788","page","type-page","status-publish","hentry"],"yoast_head":"<!-- This site is optimized with the Yoast SEO plugin v27.4 - https:\/\/yoast.com\/product\/yoast-seo-wordpress\/ -->\n<title>Botez de poveste la Conac - Conacul Secuiesc - Sz\u00e9kelyk\u0151\u00a0K\u00faria<\/title>\n<meta name=\"robots\" content=\"index, follow, max-snippet:-1, max-image-preview:large, max-video-preview:-1\" \/>\n<link rel=\"canonical\" href=\"https:\/\/conaculsecuiesc.ro\/hu\/botez-de-poveste-la-conac\/\" \/>\n<meta property=\"og:locale\" content=\"hu_HU\" \/>\n<meta property=\"og:type\" content=\"article\" \/>\n<meta property=\"og:title\" content=\"Botez de poveste la Conac - Conacul Secuiesc - Sz\u00e9kelyk\u0151\u00a0K\u00faria\" \/>\n<meta property=\"og:description\" content=\"Botez de poveste la Conacul Secuiesc\u200b De ce s\u0103 alegi Conacul Secuiesc? La Conacul Secuiesc, v\u0103 invit\u0103m s\u0103 s\u0103rb\u0103tori\u021bi botezul micu\u021bului dumneavoastr\u0103 \u00eentr-un col\u021b de rai, unde tradi\u021bia se \u00eemplete\u0219te cu magia naturii. Aici, \u00een inima unui peisaj de poveste, aproape de origini, fiecare detaliu poart\u0103 amprenta unei lumi autentice, pline de farmec. Magia unei ...\" \/>\n<meta property=\"og:url\" content=\"https:\/\/conaculsecuiesc.ro\/hu\/botez-de-poveste-la-conac\/\" \/>\n<meta property=\"og:site_name\" content=\"Conacul Secuiesc - Sz\u00e9kelyk\u0151\u00a0K\u00faria\" \/>\n<meta property=\"article:publisher\" content=\"https:\/\/www.facebook.com\/conaculsecuiesc\" \/>\n<meta property=\"article:modified_time\" content=\"2026-04-16T20:45:34+00:00\" \/>\n<meta name=\"twitter:card\" content=\"summary_large_image\" \/>\n<meta name=\"twitter:label1\" content=\"Becs\u00fclt olvas\u00e1si id\u0151\" \/>\n\t<meta name=\"twitter:data1\" content=\"1 perc\" \/>\n<script type=\"application\/ld+json\" class=\"yoast-schema-graph\">{\"@context\":\"https:\\\/\\\/schema.org\",\"@graph\":[{\"@type\":\"NewsArticle\",\"@id\":\"https:\\\/\\\/conaculsecuiesc.ro\\\/botez-de-poveste-la-conac\\\/#article\",\"isPartOf\":{\"@id\":\"https:\\\/\\\/conaculsecuiesc.ro\\\/botez-de-poveste-la-conac\\\/\"},\"author\":{\"name\":\"Conac\",\"@id\":\"https:\\\/\\\/conaculsecuiesc.ro\\\/#\\\/schema\\\/person\\\/095f60a59372978f1d4bc98cb18c58ed\"},\"headline\":\"Botez de poveste la Conac\",\"datePublished\":\"2026-02-15T21:59:53+00:00\",\"dateModified\":\"2026-04-16T20:45:34+00:00\",\"mainEntityOfPage\":{\"@id\":\"https:\\\/\\\/conaculsecuiesc.ro\\\/botez-de-poveste-la-conac\\\/\"},\"wordCount\":254,\"publisher\":{\"@id\":\"https:\\\/\\\/conaculsecuiesc.ro\\\/#organization\"},\"inLanguage\":\"hu\"},{\"@type\":\"WebPage\",\"@id\":\"https:\\\/\\\/conaculsecuiesc.ro\\\/botez-de-poveste-la-conac\\\/\",\"url\":\"https:\\\/\\\/conaculsecuiesc.ro\\\/botez-de-poveste-la-conac\\\/\",\"name\":\"Botez de poveste la Conac - Conacul Secuiesc - Sz\u00e9kelyk\u0151\u00a0K\u00faria\",\"isPartOf\":{\"@id\":\"https:\\\/\\\/conaculsecuiesc.ro\\\/#website\"},\"datePublished\":\"2026-02-15T21:59:53+00:00\",\"dateModified\":\"2026-04-16T20:45:34+00:00\",\"breadcrumb\":{\"@id\":\"https:\\\/\\\/conaculsecuiesc.ro\\\/botez-de-poveste-la-conac\\\/#breadcrumb\"},\"inLanguage\":\"hu\",\"potentialAction\":[{\"@type\":\"ReadAction\",\"target\":[\"https:\\\/\\\/conaculsecuiesc.ro\\\/botez-de-poveste-la-conac\\\/\"]}]},{\"@type\":\"BreadcrumbList\",\"@id\":\"https:\\\/\\\/conaculsecuiesc.ro\\\/botez-de-poveste-la-conac\\\/#breadcrumb\",\"itemListElement\":[{\"@type\":\"ListItem\",\"position\":1,\"name\":\"Home\",\"item\":\"https:\\\/\\\/conaculsecuiesc.ro\\\/\"},{\"@type\":\"ListItem\",\"position\":2,\"name\":\"Botez de poveste la Conac\"}]},{\"@type\":\"WebSite\",\"@id\":\"https:\\\/\\\/conaculsecuiesc.ro\\\/#website\",\"url\":\"https:\\\/\\\/conaculsecuiesc.ro\\\/\",\"name\":\"Conacul Secuiesc - Sz\u00e9kelyk\u0151\u00a0K\u00faria\",\"description\":\"Conacul Secuiesc - Sz\u00e9kelyk\u0151\u00a0K\u00faria Alba Iulia\",\"publisher\":{\"@id\":\"https:\\\/\\\/conaculsecuiesc.ro\\\/#organization\"},\"potentialAction\":[{\"@type\":\"SearchAction\",\"target\":{\"@type\":\"EntryPoint\",\"urlTemplate\":\"https:\\\/\\\/conaculsecuiesc.ro\\\/?s={search_term_string}\"},\"query-input\":{\"@type\":\"PropertyValueSpecification\",\"valueRequired\":true,\"valueName\":\"search_term_string\"}}],\"inLanguage\":\"hu\"},{\"@type\":\"Organization\",\"@id\":\"https:\\\/\\\/conaculsecuiesc.ro\\\/#organization\",\"name\":\"Conacul Secuiesc - Sz\u00e9kelyk\u0151\u00a0K\u00faria\",\"url\":\"https:\\\/\\\/conaculsecuiesc.ro\\\/\",\"logo\":{\"@type\":\"ImageObject\",\"inLanguage\":\"hu\",\"@id\":\"https:\\\/\\\/conaculsecuiesc.ro\\\/#\\\/schema\\\/logo\\\/image\\\/\",\"url\":\"https:\\\/\\\/conaculsecuiesc.ro\\\/wp-content\\\/uploads\\\/2024\\\/10\\\/logo-conacul-secuiesc_3aq.webp\",\"contentUrl\":\"https:\\\/\\\/conaculsecuiesc.ro\\\/wp-content\\\/uploads\\\/2024\\\/10\\\/logo-conacul-secuiesc_3aq.webp\",\"width\":200,\"height\":217,\"caption\":\"Conacul Secuiesc - Sz\u00e9kelyk\u0151\u00a0K\u00faria\"},\"image\":{\"@id\":\"https:\\\/\\\/conaculsecuiesc.ro\\\/#\\\/schema\\\/logo\\\/image\\\/\"},\"sameAs\":[\"https:\\\/\\\/www.facebook.com\\\/conaculsecuiesc\",\"https:\\\/\\\/www.instagram.com\\\/conaculsecuiesc\\\/\"]},{\"@type\":\"Person\",\"@id\":\"https:\\\/\\\/conaculsecuiesc.ro\\\/#\\\/schema\\\/person\\\/095f60a59372978f1d4bc98cb18c58ed\",\"name\":\"Conac\",\"image\":{\"@type\":\"ImageObject\",\"inLanguage\":\"hu\",\"@id\":\"https:\\\/\\\/secure.gravatar.com\\\/avatar\\\/e7e8749bfae50b98e855fa8735534c4ae8fc4c1ada26e3c5996c0d039d7dc3df?s=96&d=mm&r=g\",\"url\":\"https:\\\/\\\/secure.gravatar.com\\\/avatar\\\/e7e8749bfae50b98e855fa8735534c4ae8fc4c1ada26e3c5996c0d039d7dc3df?s=96&d=mm&r=g\",\"contentUrl\":\"https:\\\/\\\/secure.gravatar.com\\\/avatar\\\/e7e8749bfae50b98e855fa8735534c4ae8fc4c1ada26e3c5996c0d039d7dc3df?s=96&d=mm&r=g\",\"caption\":\"Conac\"},\"url\":\"https:\\\/\\\/conaculsecuiesc.ro\\\/hu\\\/author\\\/conac\\\/\"}]}<\/script>\n<!-- \/ Yoast SEO plugin. -->","yoast_head_json":{"title":"Botez de poveste la Conac - Conacul Secuiesc - Sz\u00e9kelyk\u0151\u00a0K\u00faria","robots":{"index":"index","follow":"follow","max-snippet":"max-snippet:-1","max-image-preview":"max-image-preview:large","max-video-preview":"max-video-preview:-1"},"canonical":"https:\/\/conaculsecuiesc.ro\/hu\/botez-de-poveste-la-conac\/","og_locale":"hu_HU","og_type":"article","og_title":"Botez de poveste la Conac - Conacul Secuiesc - Sz\u00e9kelyk\u0151\u00a0K\u00faria","og_description":"Botez de poveste la Conacul Secuiesc\u200b De ce s\u0103 alegi Conacul Secuiesc? La Conacul Secuiesc, v\u0103 invit\u0103m s\u0103 s\u0103rb\u0103tori\u021bi botezul micu\u021bului dumneavoastr\u0103 \u00eentr-un col\u021b de rai, unde tradi\u021bia se \u00eemplete\u0219te cu magia naturii. Aici, \u00een inima unui peisaj de poveste, aproape de origini, fiecare detaliu poart\u0103 amprenta unei lumi autentice, pline de farmec. Magia unei ...","og_url":"https:\/\/conaculsecuiesc.ro\/hu\/botez-de-poveste-la-conac\/","og_site_name":"Conacul Secuiesc - Sz\u00e9kelyk\u0151\u00a0K\u00faria","article_publisher":"https:\/\/www.facebook.com\/conaculsecuiesc","article_modified_time":"2026-04-16T20:45:34+00:00","twitter_card":"summary_large_image","twitter_misc":{"Becs\u00fclt olvas\u00e1si id\u0151":"1 perc"},"schema":{"@context":"https:\/\/schema.org","@graph":[{"@type":"NewsArticle","@id":"https:\/\/conaculsecuiesc.ro\/botez-de-poveste-la-conac\/#article","isPartOf":{"@id":"https:\/\/conaculsecuiesc.ro\/botez-de-poveste-la-conac\/"},"author":{"name":"Conac","@id":"https:\/\/conaculsecuiesc.ro\/#\/schema\/person\/095f60a59372978f1d4bc98cb18c58ed"},"headline":"Botez de poveste la Conac","datePublished":"2026-02-15T21:59:53+00:00","dateModified":"2026-04-16T20:45:34+00:00","mainEntityOfPage":{"@id":"https:\/\/conaculsecuiesc.ro\/botez-de-poveste-la-conac\/"},"wordCount":254,"publisher":{"@id":"https:\/\/conaculsecuiesc.ro\/#organization"},"inLanguage":"hu"},{"@type":"WebPage","@id":"https:\/\/conaculsecuiesc.ro\/botez-de-poveste-la-conac\/","url":"https:\/\/conaculsecuiesc.ro\/botez-de-poveste-la-conac\/","name":"Botez de poveste la Conac - Conacul Secuiesc - Sz\u00e9kelyk\u0151\u00a0K\u00faria","isPartOf":{"@id":"https:\/\/conaculsecuiesc.ro\/#website"},"datePublished":"2026-02-15T21:59:53+00:00","dateModified":"2026-04-16T20:45:34+00:00","breadcrumb":{"@id":"https:\/\/conaculsecuiesc.ro\/botez-de-poveste-la-conac\/#breadcrumb"},"inLanguage":"hu","potentialAction":[{"@type":"ReadAction","target":["https:\/\/conaculsecuiesc.ro\/botez-de-poveste-la-conac\/"]}]},{"@type":"BreadcrumbList","@id":"https:\/\/conaculsecuiesc.ro\/botez-de-poveste-la-conac\/#breadcrumb","itemListElement":[{"@type":"ListItem","position":1,"name":"Home","item":"https:\/\/conaculsecuiesc.ro\/"},{"@type":"ListItem","position":2,"name":"Botez de poveste la Conac"}]},{"@type":"WebSite","@id":"https:\/\/conaculsecuiesc.ro\/#website","url":"https:\/\/conaculsecuiesc.ro\/","name":"Sz\u00e9kelyudvarhely - Sz\u00e9kelyk\u0151 K\u00faria","description":"Sz\u00e9kelyudvarhely - Sz\u00e9kelyk\u0151 K\u00faria Alba Iulia","publisher":{"@id":"https:\/\/conaculsecuiesc.ro\/#organization"},"potentialAction":[{"@type":"SearchAction","target":{"@type":"EntryPoint","urlTemplate":"https:\/\/conaculsecuiesc.ro\/?s={search_term_string}"},"query-input":{"@type":"PropertyValueSpecification","valueRequired":true,"valueName":"search_term_string"}}],"inLanguage":"hu"},{"@type":"Organization","@id":"https:\/\/conaculsecuiesc.ro\/#organization","name":"Sz\u00e9kelyudvarhely - Sz\u00e9kelyk\u0151 K\u00faria","url":"https:\/\/conaculsecuiesc.ro\/","logo":{"@type":"ImageObject","inLanguage":"hu","@id":"https:\/\/conaculsecuiesc.ro\/#\/schema\/logo\/image\/","url":"https:\/\/conaculsecuiesc.ro\/wp-content\/uploads\/2024\/10\/logo-conacul-secuiesc_3aq.webp","contentUrl":"https:\/\/conaculsecuiesc.ro\/wp-content\/uploads\/2024\/10\/logo-conacul-secuiesc_3aq.webp","width":200,"height":217,"caption":"Conacul Secuiesc - Sz\u00e9kelyk\u0151\u00a0K\u00faria"},"image":{"@id":"https:\/\/conaculsecuiesc.ro\/#\/schema\/logo\/image\/"},"sameAs":["https:\/\/www.facebook.com\/conaculsecuiesc","https:\/\/www.instagram.com\/conaculsecuiesc\/"]},{"@type":"Person","@id":"https:\/\/conaculsecuiesc.ro\/#\/schema\/person\/095f60a59372978f1d4bc98cb18c58ed","name":"Conac","image":{"@type":"ImageObject","inLanguage":"hu","@id":"https:\/\/secure.gravatar.com\/avatar\/e7e8749bfae50b98e855fa8735534c4ae8fc4c1ada26e3c5996c0d039d7dc3df?s=96&d=mm&r=g","url":"https:\/\/secure.gravatar.com\/avatar\/e7e8749bfae50b98e855fa8735534c4ae8fc4c1ada26e3c5996c0d039d7dc3df?s=96&d=mm&r=g","contentUrl":"https:\/\/secure.gravatar.com\/avatar\/e7e8749bfae50b98e855fa8735534c4ae8fc4c1ada26e3c5996c0d039d7dc3df?s=96&d=mm&r=g","caption":"Conac"},"url":"https:\/\/conaculsecuiesc.ro\/hu\/author\/conac\/"}]}},"_links":{"self":[{"href":"https:\/\/conaculsecuiesc.ro\/hu\/wp-json\/wp\/v2\/pages\/9788","targetHints":{"allow":["GET"]}}],"collection":[{"href":"https:\/\/conaculsecuiesc.ro\/hu\/wp-json\/wp\/v2\/pages"}],"about":[{"href":"https:\/\/conaculsecuiesc.ro\/hu\/wp-json\/wp\/v2\/types\/page"}],"author":[{"embeddable":true,"href":"https:\/\/conaculsecuiesc.ro\/hu\/wp-json\/wp\/v2\/users\/4"}],"replies":[{"embeddable":true,"href":"https:\/\/conaculsecuiesc.ro\/hu\/wp-json\/wp\/v2\/comments?post=9788"}],"version-history":[{"count":13,"href":"https:\/\/conaculsecuiesc.ro\/hu\/wp-json\/wp\/v2\/pages\/9788\/revisions"}],"predecessor-version":[{"id":10604,"href":"https:\/\/conaculsecuiesc.ro\/hu\/wp-json\/wp\/v2\/pages\/9788\/revisions\/10604"}],"wp:attachment":[{"href":"https:\/\/conaculsecuiesc.ro\/hu\/wp-json\/wp\/v2\/media?parent=9788"}],"curies":[{"name":"wp","href":"https:\/\/api.w.org\/{rel}","templated":true}]}}