{"id":7721,"date":"2025-10-01T10:26:42","date_gmt":"2025-10-01T10:26:42","guid":{"rendered":"https:\/\/conaculsecuiesc.ro\/?post_type=product&#038;p=7721"},"modified":"2025-10-20T09:35:37","modified_gmt":"2025-10-20T09:35:37","slug":"voucher-cazare","status":"publish","type":"product","link":"https:\/\/conaculsecuiesc.ro\/hu\/termek\/voucher-cazare\/","title":{"rendered":"Sz\u00e1ll\u00e1sutalv\u00e1ny"},"content":{"rendered":"<p>Egy k\u00fcl\u00f6nleges aj\u00e1nd\u00e9k egy k\u00fcl\u00f6nleges szem\u00e9lynek: egy \u00e9jszaka a Sz\u00e9kelyudvarhelyen. A hagyom\u00e1nyosan berendezett szob\u00e1k, a k\u00e9nyelem \u00e9s a hiteless\u00e9g kombin\u00e1ci\u00f3ja, valamint a k\u00f6rnyez\u0151 dombok nyugalma igazi mesebeli elvonul\u00e1ss\u00e1 var\u00e1zsolja ezt az \u00e9lm\u00e9nyt. T\u00f6k\u00e9letes aj\u00e1nd\u00e9k a kikapcsol\u00f3d\u00e1shoz \u00e9s a kapcsolatteremt\u00e9shez.<\/p>","protected":false},"excerpt":{"rendered":"<p><strong data-start=\"301\" data-end=\"319\">Egy aj\u00e1nd\u00e9k szeretettel<\/strong><br data-start=\"319\" data-end=\"322\" \/>Egy mes\u00e9s \u00e9jszaka a <strong data-start=\"345\" data-end=\"366\">Sz\u00e9kelyk\u0151 Kuri\u00e1ban.<\/strong><br data-start=\"366\" data-end=\"369\" \/>Nyugalom, leny\u0171g\u00f6z\u0151 t\u00e1jak \u00e9s gondosan v\u00e1logatott \u00edzek egy l\u00e9lekkel teli helyen.<\/p>","protected":false},"featured_media":0,"comment_status":"open","ping_status":"closed","template":"","meta":[],"product_brand":[],"product_cat":[44],"product_tag":[],"class_list":{"0":"post-7721","1":"product","2":"type-product","3":"status-publish","5":"product_cat-wps_wgm_giftcard","7":"first","8":"instock","9":"shipping-taxable","10":"product-type-simple"},"yoast_head":"<!-- This site is optimized with the Yoast SEO plugin v27.4 - https:\/\/yoast.com\/product\/yoast-seo-wordpress\/ -->\n<title>Voucher Cazare - Conacul Secuiesc - Sz\u00e9kelyk\u0151\u00a0K\u00faria<\/title>\n<meta name=\"robots\" content=\"index, follow, max-snippet:-1, max-image-preview:large, max-video-preview:-1\" \/>\n<link rel=\"canonical\" href=\"https:\/\/conaculsecuiesc.ro\/hu\/termek\/voucher-cazare\/\" \/>\n<meta property=\"og:locale\" content=\"hu_HU\" \/>\n<meta property=\"og:type\" content=\"article\" \/>\n<meta property=\"og:title\" content=\"Voucher Cazare - Conacul Secuiesc - Sz\u00e9kelyk\u0151\u00a0K\u00faria\" \/>\n<meta property=\"og:description\" content=\"Un dar cu dragO noapte de poveste la Conacul Secuiesc.Lini\u0219te, peisaje de vis \u0219i bucate alese, toate \u00eentr-un loc cu suflet.\" \/>\n<meta property=\"og:url\" content=\"https:\/\/conaculsecuiesc.ro\/hu\/termek\/voucher-cazare\/\" \/>\n<meta property=\"og:site_name\" content=\"Conacul Secuiesc - Sz\u00e9kelyk\u0151\u00a0K\u00faria\" \/>\n<meta property=\"article:publisher\" content=\"https:\/\/www.facebook.com\/conaculsecuiesc\" \/>\n<meta property=\"article:modified_time\" content=\"2025-10-20T09:35:37+00:00\" \/>\n<meta property=\"og:image\" content=\"https:\/\/conaculsecuiesc.ro\/wp-content\/uploads\/2025\/10\/image00002-scaled.jpeg\" \/>\n\t<meta property=\"og:image:width\" content=\"2560\" \/>\n\t<meta property=\"og:image:height\" content=\"2524\" \/>\n\t<meta property=\"og:image:type\" content=\"image\/jpeg\" \/>\n<meta name=\"twitter:card\" content=\"summary_large_image\" \/>\n<meta name=\"twitter:label1\" content=\"Becs\u00fclt olvas\u00e1si id\u0151\" \/>\n\t<meta name=\"twitter:data1\" content=\"1 perc\" \/>\n<script type=\"application\/ld+json\" class=\"yoast-schema-graph\">{\"@context\":\"https:\\\/\\\/schema.org\",\"@graph\":[{\"@type\":\"WebPage\",\"@id\":\"https:\\\/\\\/conaculsecuiesc.ro\\\/produs\\\/voucher-cazare\\\/\",\"url\":\"https:\\\/\\\/conaculsecuiesc.ro\\\/produs\\\/voucher-cazare\\\/\",\"name\":\"Voucher Cazare - Conacul Secuiesc - Sz\u00e9kelyk\u0151\u00a0K\u00faria\",\"isPartOf\":{\"@id\":\"https:\\\/\\\/conaculsecuiesc.ro\\\/#website\"},\"datePublished\":\"2025-10-01T10:26:42+00:00\",\"dateModified\":\"2025-10-20T09:35:37+00:00\",\"breadcrumb\":{\"@id\":\"https:\\\/\\\/conaculsecuiesc.ro\\\/produs\\\/voucher-cazare\\\/#breadcrumb\"},\"inLanguage\":\"hu\",\"potentialAction\":[{\"@type\":\"ReadAction\",\"target\":[\"https:\\\/\\\/conaculsecuiesc.ro\\\/produs\\\/voucher-cazare\\\/\"]}]},{\"@type\":\"BreadcrumbList\",\"@id\":\"https:\\\/\\\/conaculsecuiesc.ro\\\/produs\\\/voucher-cazare\\\/#breadcrumb\",\"itemListElement\":[{\"@type\":\"ListItem\",\"position\":1,\"name\":\"Home\",\"item\":\"https:\\\/\\\/conaculsecuiesc.ro\\\/\"},{\"@type\":\"ListItem\",\"position\":2,\"name\":\"Produse\",\"item\":\"https:\\\/\\\/conaculsecuiesc.ro\\\/shop\\\/\"},{\"@type\":\"ListItem\",\"position\":3,\"name\":\"Voucher Cazare\"}]},{\"@type\":\"WebSite\",\"@id\":\"https:\\\/\\\/conaculsecuiesc.ro\\\/#website\",\"url\":\"https:\\\/\\\/conaculsecuiesc.ro\\\/\",\"name\":\"Conacul Secuiesc - Sz\u00e9kelyk\u0151\u00a0K\u00faria\",\"description\":\"Conacul Secuiesc - Sz\u00e9kelyk\u0151\u00a0K\u00faria Alba Iulia\",\"publisher\":{\"@id\":\"https:\\\/\\\/conaculsecuiesc.ro\\\/#organization\"},\"potentialAction\":[{\"@type\":\"SearchAction\",\"target\":{\"@type\":\"EntryPoint\",\"urlTemplate\":\"https:\\\/\\\/conaculsecuiesc.ro\\\/?s={search_term_string}\"},\"query-input\":{\"@type\":\"PropertyValueSpecification\",\"valueRequired\":true,\"valueName\":\"search_term_string\"}}],\"inLanguage\":\"hu\"},{\"@type\":\"Organization\",\"@id\":\"https:\\\/\\\/conaculsecuiesc.ro\\\/#organization\",\"name\":\"Conacul Secuiesc - Sz\u00e9kelyk\u0151\u00a0K\u00faria\",\"url\":\"https:\\\/\\\/conaculsecuiesc.ro\\\/\",\"logo\":{\"@type\":\"ImageObject\",\"inLanguage\":\"hu\",\"@id\":\"https:\\\/\\\/conaculsecuiesc.ro\\\/#\\\/schema\\\/logo\\\/image\\\/\",\"url\":\"https:\\\/\\\/conaculsecuiesc.ro\\\/wp-content\\\/uploads\\\/2024\\\/10\\\/logo-conacul-secuiesc_3aq.webp\",\"contentUrl\":\"https:\\\/\\\/conaculsecuiesc.ro\\\/wp-content\\\/uploads\\\/2024\\\/10\\\/logo-conacul-secuiesc_3aq.webp\",\"width\":200,\"height\":217,\"caption\":\"Conacul Secuiesc - Sz\u00e9kelyk\u0151\u00a0K\u00faria\"},\"image\":{\"@id\":\"https:\\\/\\\/conaculsecuiesc.ro\\\/#\\\/schema\\\/logo\\\/image\\\/\"},\"sameAs\":[\"https:\\\/\\\/www.facebook.com\\\/conaculsecuiesc\",\"https:\\\/\\\/www.instagram.com\\\/conaculsecuiesc\\\/\"]}]}<\/script>\n<!-- \/ Yoast SEO plugin. -->","yoast_head_json":{"title":"Voucher Cazare - Conacul Secuiesc - Sz\u00e9kelyk\u0151\u00a0K\u00faria","robots":{"index":"index","follow":"follow","max-snippet":"max-snippet:-1","max-image-preview":"max-image-preview:large","max-video-preview":"max-video-preview:-1"},"canonical":"https:\/\/conaculsecuiesc.ro\/hu\/termek\/voucher-cazare\/","og_locale":"hu_HU","og_type":"article","og_title":"Voucher Cazare - Conacul Secuiesc - Sz\u00e9kelyk\u0151\u00a0K\u00faria","og_description":"Un dar cu dragO noapte de poveste la Conacul Secuiesc.Lini\u0219te, peisaje de vis \u0219i bucate alese, toate \u00eentr-un loc cu suflet.","og_url":"https:\/\/conaculsecuiesc.ro\/hu\/termek\/voucher-cazare\/","og_site_name":"Conacul Secuiesc - Sz\u00e9kelyk\u0151\u00a0K\u00faria","article_publisher":"https:\/\/www.facebook.com\/conaculsecuiesc","article_modified_time":"2025-10-20T09:35:37+00:00","og_image":[{"width":2560,"height":2524,"url":"https:\/\/conaculsecuiesc.ro\/wp-content\/uploads\/2025\/10\/image00002-scaled.jpeg","type":"image\/jpeg"}],"twitter_card":"summary_large_image","twitter_misc":{"Becs\u00fclt olvas\u00e1si id\u0151":"1 perc"},"schema":{"@context":"https:\/\/schema.org","@graph":[{"@type":"WebPage","@id":"https:\/\/conaculsecuiesc.ro\/produs\/voucher-cazare\/","url":"https:\/\/conaculsecuiesc.ro\/produs\/voucher-cazare\/","name":"Voucher Cazare - Conacul Secuiesc - Sz\u00e9kelyk\u0151\u00a0K\u00faria","isPartOf":{"@id":"https:\/\/conaculsecuiesc.ro\/#website"},"datePublished":"2025-10-01T10:26:42+00:00","dateModified":"2025-10-20T09:35:37+00:00","breadcrumb":{"@id":"https:\/\/conaculsecuiesc.ro\/produs\/voucher-cazare\/#breadcrumb"},"inLanguage":"hu","potentialAction":[{"@type":"ReadAction","target":["https:\/\/conaculsecuiesc.ro\/produs\/voucher-cazare\/"]}]},{"@type":"BreadcrumbList","@id":"https:\/\/conaculsecuiesc.ro\/produs\/voucher-cazare\/#breadcrumb","itemListElement":[{"@type":"ListItem","position":1,"name":"Home","item":"https:\/\/conaculsecuiesc.ro\/"},{"@type":"ListItem","position":2,"name":"Produse","item":"https:\/\/conaculsecuiesc.ro\/shop\/"},{"@type":"ListItem","position":3,"name":"Voucher Cazare"}]},{"@type":"WebSite","@id":"https:\/\/conaculsecuiesc.ro\/#website","url":"https:\/\/conaculsecuiesc.ro\/","name":"Sz\u00e9kelyudvarhely - Sz\u00e9kelyk\u0151 K\u00faria","description":"Sz\u00e9kelyudvarhely - Sz\u00e9kelyk\u0151 K\u00faria Alba Iulia","publisher":{"@id":"https:\/\/conaculsecuiesc.ro\/#organization"},"potentialAction":[{"@type":"SearchAction","target":{"@type":"EntryPoint","urlTemplate":"https:\/\/conaculsecuiesc.ro\/?s={search_term_string}"},"query-input":{"@type":"PropertyValueSpecification","valueRequired":true,"valueName":"search_term_string"}}],"inLanguage":"hu"},{"@type":"Organization","@id":"https:\/\/conaculsecuiesc.ro\/#organization","name":"Sz\u00e9kelyudvarhely - Sz\u00e9kelyk\u0151 K\u00faria","url":"https:\/\/conaculsecuiesc.ro\/","logo":{"@type":"ImageObject","inLanguage":"hu","@id":"https:\/\/conaculsecuiesc.ro\/#\/schema\/logo\/image\/","url":"https:\/\/conaculsecuiesc.ro\/wp-content\/uploads\/2024\/10\/logo-conacul-secuiesc_3aq.webp","contentUrl":"https:\/\/conaculsecuiesc.ro\/wp-content\/uploads\/2024\/10\/logo-conacul-secuiesc_3aq.webp","width":200,"height":217,"caption":"Conacul Secuiesc - Sz\u00e9kelyk\u0151\u00a0K\u00faria"},"image":{"@id":"https:\/\/conaculsecuiesc.ro\/#\/schema\/logo\/image\/"},"sameAs":["https:\/\/www.facebook.com\/conaculsecuiesc","https:\/\/www.instagram.com\/conaculsecuiesc\/"]}]}},"_links":{"self":[{"href":"https:\/\/conaculsecuiesc.ro\/hu\/wp-json\/wp\/v2\/product\/7721","targetHints":{"allow":["GET"]}}],"collection":[{"href":"https:\/\/conaculsecuiesc.ro\/hu\/wp-json\/wp\/v2\/product"}],"about":[{"href":"https:\/\/conaculsecuiesc.ro\/hu\/wp-json\/wp\/v2\/types\/product"}],"replies":[{"embeddable":true,"href":"https:\/\/conaculsecuiesc.ro\/hu\/wp-json\/wp\/v2\/comments?post=7721"}],"wp:attachment":[{"href":"https:\/\/conaculsecuiesc.ro\/hu\/wp-json\/wp\/v2\/media?parent=7721"}],"wp:term":[{"taxonomy":"product_brand","embeddable":true,"href":"https:\/\/conaculsecuiesc.ro\/hu\/wp-json\/wp\/v2\/product_brand?post=7721"},{"taxonomy":"product_cat","embeddable":true,"href":"https:\/\/conaculsecuiesc.ro\/hu\/wp-json\/wp\/v2\/product_cat?post=7721"},{"taxonomy":"product_tag","embeddable":true,"href":"https:\/\/conaculsecuiesc.ro\/hu\/wp-json\/wp\/v2\/product_tag?post=7721"}],"curies":[{"name":"wp","href":"https:\/\/api.w.org\/{rel}","templated":true}]}}